{"id":16650,"date":"2020-02-24T22:15:15","date_gmt":"2020-02-24T22:15:15","guid":{"rendered":"https:\/\/demo43.houzez.co\/?page_id=16650"},"modified":"2026-01-30T03:27:32","modified_gmt":"2026-01-30T03:27:32","slug":"about","status":"publish","type":"page","link":"https:\/\/duartellebeili.com\/en\/about\/","title":{"rendered":"WHO WE ARE"},"content":{"rendered":"<div data-elementor-type=\"wp-page\" data-elementor-id=\"16650\" class=\"elementor elementor-16650\">\n\t\t\t\t<div class=\"elementor-element elementor-element-90e4be8 e-flex e-con-boxed e-con e-parent\" data-id=\"90e4be8\" data-element_type=\"container\" data-e-type=\"container\">\n\t\t\t\t\t<div class=\"e-con-inner\">\n\t\t<div class=\"elementor-element elementor-element-5a32b32 e-con-full e-flex e-con e-child\" data-id=\"5a32b32\" data-element_type=\"container\" data-e-type=\"container\" data-settings=\"{&quot;background_background&quot;:&quot;classic&quot;}\">\n\t\t<div class=\"elementor-element elementor-element-5683bb3 e-con-full e-flex e-con e-child\" data-id=\"5683bb3\" data-element_type=\"container\" data-e-type=\"container\">\n\t\t\t\t<div class=\"elementor-element elementor-element-2ca0424 elementor-widget elementor-widget-heading\" data-id=\"2ca0424\" data-element_type=\"widget\" data-e-type=\"widget\" data-widget_type=\"heading.default\">\n\t\t\t\t\t<h1 class=\"elementor-heading-title elementor-size-default\">Quienes Somos<\/h1>\t\t\t\t<\/div>\n\t\t\t\t<div class=\"elementor-element elementor-element-ab502cc elementor-widget elementor-widget-text-editor\" data-id=\"ab502cc\" data-element_type=\"widget\" data-e-type=\"widget\" data-widget_type=\"text-editor.default\">\n\t\t\t\t\t\t\t\t\t<p><span style=\"font-weight: 400;\">Duarte Llebeili Real Estate &amp; Consulting was founded in November 2024 with the goal of providing professional, transparent, and personalized service in the urban and rural real estate market. Our initial steps were driven by hard work: exploring neighborhoods and city centers, getting to know each property, and building trust with owners and investors.<\/span><\/p><p><span style=\"font-weight: 400;\">La empresa est\u00e1 dirigida por <\/span><b>Diego<\/b><span style=\"font-weight: 400;\">, corredor inmobiliario, y <\/span><b>Eugenia<\/b><span style=\"font-weight: 400;\">, Licenciada en Relaciones Internacionales, quienes integran experiencia comercial, visi\u00f3n estrat\u00e9gica y un enfoque humano en cada operaci\u00f3n. Contamos adem\u00e1s con un equipo de marketing, un jefe de mantenimiento, un solido equipo de ventas. Todos en constante capacitaci\u00f3n para asegurar un servicio completo y de calidad.<\/span><\/p><p><span style=\"font-weight: 400;\">En lo que va del 2025 hemos concretado diversas ventas urbanas y rurales, ampliado nuestra cartera de clientes y fortalecido nuestra presencia en la administraci\u00f3n de alquileres, ofreciendo asesoramiento legal e inmobiliario integral.<\/span><\/p><p><span style=\"font-weight: 400;\">A trav\u00e9s de nuestra consultora de RR.II tambi\u00e9n desarrollamos servicios de b\u00fasqueda y generaci\u00f3n de clientes, as\u00ed como proyectos de importaci\u00f3n y exportaci\u00f3n, brindando soluciones que complementan y potencian nuestra propuesta inmobiliaria.<\/span><\/p><p><span style=\"font-weight: 400;\">Hoy seguimos creciendo con el mismo compromiso que nos vio nacer: acompa\u00f1ar a cada cliente con profesionalismo, responsabilidad y seguridad en cada decisi\u00f3n.<\/span><\/p>\t\t\t\t\t\t\t\t<\/div>\n\t\t\t\t<\/div>\n\t\t<div class=\"elementor-element elementor-element-dcc6cb4 e-con-full e-flex e-con e-child\" data-id=\"dcc6cb4\" data-element_type=\"container\" data-e-type=\"container\">\n\t\t\t\t<div class=\"elementor-element elementor-element-1607595 elementor-widget elementor-widget-image\" data-id=\"1607595\" data-element_type=\"widget\" data-e-type=\"widget\" data-widget_type=\"image.default\">\n\t\t\t\t\t\t\t\t\t\t\t\t\t\t\t<img decoding=\"async\" src=\"https:\/\/duartellebeili.com\/wp-content\/uploads\/elementor\/thumbs\/AdobeStock_866670060-rh5ap8f4lokuphq1lhhgoyksryyr2pyypszau3u58w.jpg\" title=\"AdobeStock_866670060\" alt=\"AdobeStock_866670060\" loading=\"lazy\" \/>\t\t\t\t\t\t\t\t\t\t\t\t\t\t\t<\/div>\n\t\t\t\t<\/div>\n\t\t\t\t<\/div>\n\t\t\t\t\t<\/div>\n\t\t\t\t<\/div>\n\t\t<div class=\"elementor-element elementor-element-ed02b4e e-con-full e-flex e-con e-parent\" data-id=\"ed02b4e\" data-element_type=\"container\" data-e-type=\"container\">\n\t\t<div class=\"elementor-element elementor-element-afcde61 e-con-full e-flex e-con e-child\" data-id=\"afcde61\" data-element_type=\"container\" data-e-type=\"container\">\n\t\t\t\t<div class=\"elementor-element elementor-element-b081621 elementor-widget elementor-widget-text-editor\" data-id=\"b081621\" data-element_type=\"widget\" data-e-type=\"widget\" data-widget_type=\"text-editor.default\">\n\t\t\t\t\t\t\t\t\t<p><span style=\"color: #000000;\"><strong>MISI\u00d3N<\/strong><\/span><\/p><p>Brindar servicios inmobiliarios y de consultor\u00eda en inversiones de forma profesional, transparente y personalizada, conectando inversores locales con oportunidades en el exterior y a inversores extranjeros con proyectos estrat\u00e9gicos en Santiago del Estero y Argentina. Acompa\u00f1amos a cada cliente como socios estrat\u00e9gicos, ofreciendo un ecosistema integral que facilite decisiones de inversi\u00f3n seguras, rentables y adaptadas a sus necesidades.<\/p>\t\t\t\t\t\t\t\t<\/div>\n\t\t\t\t<\/div>\n\t\t<div class=\"elementor-element elementor-element-be2f15f e-con-full e-flex e-con e-child\" data-id=\"be2f15f\" data-element_type=\"container\" data-e-type=\"container\">\n\t\t\t\t<div class=\"elementor-element elementor-element-e087c67 elementor-widget elementor-widget-text-editor\" data-id=\"e087c67\" data-element_type=\"widget\" data-e-type=\"widget\" data-widget_type=\"text-editor.default\">\n\t\t\t\t\t\t\t\t\t<p><span style=\"color: #000000;\"><strong>VISI\u00d3N<\/strong><\/span><\/p><p>Ser la inmobiliaria y consultora de inversiones l\u00edder en Santiago del Estero, reconocida por nuestra proyecci\u00f3n internacional, nuestra capacidad de generar oportunidades globales y por consolidarnos como el puente m\u00e1s confiable entre el mercado local y el mundo. Aspiramos a construir una red de inversores que encuentren en nuestros servicios un soporte integral para desarrollar y potenciar su patrimonio.<\/p>\t\t\t\t\t\t\t\t<\/div>\n\t\t\t\t<\/div>\n\t\t\t\t<\/div>\n\t\t<div class=\"elementor-element elementor-element-5c915f5 e-flex e-con-boxed e-con e-parent\" data-id=\"5c915f5\" data-element_type=\"container\" data-e-type=\"container\">\n\t\t\t\t\t<div class=\"e-con-inner\">\n\t\t<div class=\"elementor-element elementor-element-f5a0534 e-con-full e-flex e-con e-child\" data-id=\"f5a0534\" data-element_type=\"container\" data-e-type=\"container\">\n\t\t<div class=\"elementor-element elementor-element-15560fd e-con-full animated-fast houzez_sticky e-flex elementor-invisible e-con e-child\" data-id=\"15560fd\" data-element_type=\"container\" data-e-type=\"container\" data-settings=\"{&quot;animation&quot;:&quot;fadeInUp&quot;}\">\n\t\t\t\t<div class=\"elementor-element elementor-element-1589598 elementor-invisible elementor-widget elementor-widget-heading\" data-id=\"1589598\" data-element_type=\"widget\" data-e-type=\"widget\" data-settings=\"{&quot;_animation&quot;:&quot;fadeIn&quot;}\" data-widget_type=\"heading.default\">\n\t\t\t\t\t<h2 class=\"elementor-heading-title elementor-size-default\">nuestro equipo<\/h2>\t\t\t\t<\/div>\n\t\t\t\t<div class=\"elementor-element elementor-element-21b60d4 elementor-widget elementor-widget-text-editor\" data-id=\"21b60d4\" data-element_type=\"widget\" data-e-type=\"widget\" data-widget_type=\"text-editor.default\">\n\t\t\t\t\t\t\t\t\t<p>En el sector inmobiliario, la confianza es fundamental, y nuestro equipo trabaja a diario para gan\u00e1rsela. Estamos aqu\u00ed para guiarle con claridad, rapidez y atenci\u00f3n, desde la primera consulta hasta el \u00faltimo apret\u00f3n de manos.<\/p>\t\t\t\t\t\t\t\t<\/div>\n\t\t\t\t<\/div>\n\t\t<div class=\"elementor-element elementor-element-ca43d3b e-con-full e-flex e-con e-child\" data-id=\"ca43d3b\" data-element_type=\"container\" data-e-type=\"container\">\n\t\t<div class=\"elementor-element elementor-element-fae8890 e-con-full e-grid e-con e-child\" data-id=\"fae8890\" data-element_type=\"container\" data-e-type=\"container\">\n\t\t\t\t<div class=\"elementor-element elementor-element-ea0ba8f elementor-widget elementor-widget-houzez_elementor_agent_card\" data-id=\"ea0ba8f\" data-element_type=\"widget\" data-e-type=\"widget\" data-widget_type=\"houzez_elementor_agent_card.default\">\n\t\t\t\t<div class=\"elementor-widget-container\">\n\t\t\t\t\t            <div class=\"agent-information-module\">\n                <div class=\"property-form-wrap border-none\" role=\"complementary\">\n                    <div class=\"agent-details\" role=\"region\">\n                        <div class=\"d-flex flex-column align-items-center gap-3\">\n                            \n                                    <div class=\"agent-image\">\n            <a href=\"https:\/\/duartellebeili.com\/en\/agent\/brittany-watkins\/\">\n                <img decoding=\"async\" class=\"rounded-circle\" src=\"https:\/\/duartellebeili.com\/wp-content\/uploads\/2016\/02\/imagen_2026-01-04_125223954.png\" width=\"120\" height=\"120\" alt=\"Profile photo of agent Diego Duarte\">\n            <\/a>\n        <\/div>\n        \n                            <ul class=\"agent-information list-unstyled d-flex flex-column align-items-center gap-1 m-0\">\n                                <li class=\"agent-name mb-2 text-center\">\n                                            <ul class=\"agent-information list-unstyled mb-0\" role=\"list\">\n            <li class=\"agent-name\" role=\"listitem\">\n                <a href=\"https:\/\/duartellebeili.com\/en\/agent\/brittany-watkins\/\">Diego Duarte<\/a>\n                                                            <span class=\"ms-1 d-inline badge btn-secondary agent-verified-badge\"><i class=\"houzez-icon icon-check-circle-1 me-1\"><\/i> Verified<\/span>\n                                                <\/li>\n                            <li class=\"agent-link\" role=\"listitem\">\n                    <a href=\"https:\/\/duartellebeili.com\/en\/agent\/brittany-watkins\/\">View my listings<\/a>\n                <\/li>\n                    <\/ul>\n                                        <\/li>\n                                                                <li class=\"agent-phone-wrap d-flex gap-1\">\n                                    \n                                                                        <div class=\"d-flex gap-2 align-items-center\">\n                                                <i class=\"houzez-icon icon-mobile-phone\" aria-hidden=\"true\"><\/i>\n        <span class=\"agent-phone  me-1\">\n            <a href=\"tel:+5493854103049\">+54 9 3854 10-3049<\/a>\n        <\/span>\n                                            <\/div>\n                                                                    <\/li>\n                                                                                                <li class=\"item-buttons-wrap d-flex gap-1 mt-3 mb-2\">\n                                                <button type=\"button\" class=\"agent-information-btn btn btn-primary-outlined p-0 d-flex align-items-center justify-content-center flex-fill gap-1\" data-bs-toggle=\"modal\" data-bs-target=\"#modal-phone-597Qb\">\n                <span class=\"d-block\" data-bs-toggle=\"tooltip\" title=\"Call\">\n                    <i class=\"houzez-icon icon-phone-actions-ring\"><\/i>\n                <\/span>\n            <\/button>\n                        <a href=\"https:\/\/wa.me\/5493854103049\" target=\"_blank\" class=\"agent-information-btn btn btn-primary-outlined p-0 d-flex align-items-center justify-content-center flex-fill gap-1\">\n                <span class=\"d-block\" data-bs-toggle=\"tooltip\" title=\"WhatsApp\">\n                    <i class=\"houzez-icon icon-messaging-whatsapp\"><\/i>\n                <\/span>\n            <\/a>\n                    <div class=\"modal fade modal-phone-number\" id=\"modal-phone-597Qb\" tabindex=\"-1\" aria-labelledby=\"phoneNumberModalLabel\" aria-hidden=\"true\">\n            <div class=\"modal-dialog\" role=\"document\">\n                <div class=\"modal-content\">\n                    <div class=\"modal-header\">\n                        <h5 class=\"modal-title\" id=\"phoneNumberModalLabel\">Contact us<\/h5>\n                        <button type=\"button\" class=\"btn-close\" data-bs-dismiss=\"modal\" aria-label=\"Close\"><\/button>\n                    <\/div><!-- modal-header -->\n                    <div class=\"modal-body\">\n\n                        \n                        <p class=\"modal-body-phone-number-number\">\n                            <a class=\"btn btn-primary-outlined\" href=\"tel:+5493854103049\"><i class=\"houzez-icon icon-phone-actions-ring\"><\/i> +54 9 3854 10-3049<\/a>\n                        <\/p>\n                    <\/div><!-- modal-body -->\n                <\/div><!-- modal-content -->\n            <\/div><!-- modal-dialog -->\n        <\/div><!-- login-register-form -->\n                                        <\/li>\n                                                            <\/ul>\n                        <\/div>\n                    <\/div>\n                <\/div>\n            <\/div>\n        \t\t\t\t<\/div>\n\t\t\t\t<\/div>\n\t\t\t\t<\/div>\n\t\t\t\t<\/div>\n\t\t\t\t<\/div>\n\t\t\t\t\t<\/div>\n\t\t\t\t<\/div>\n\t\t\t\t<\/div>","protected":false},"excerpt":{"rendered":"<p>Quienes Somos Duarte Llebeili Inmobiliaria &amp; Consultora nace en noviembre de 2024 con el objetivo de brindar un servicio profesional, transparente y cercano en el mercado inmobiliario urbano y rural. Nuestros primeros pasos fueron a puro esfuerzo: recorriendo barrios y zonas c\u00e9ntricas, conociendo cada propiedad y construyendo confianza con propietarios e inversores. La empresa est\u00e1 [&hellip;]<\/p>","protected":false},"author":1,"featured_media":0,"parent":0,"menu_order":0,"comment_status":"closed","ping_status":"closed","template":"template\/template-homepage.php","meta":{"_eb_attr":"","footnotes":""},"class_list":["post-16650","page","type-page","status-publish","hentry"],"_hostinger_reach_plugin_has_subscription_block":false,"_hostinger_reach_plugin_is_elementor":false,"_links":{"self":[{"href":"https:\/\/duartellebeili.com\/en\/wp-json\/wp\/v2\/pages\/16650","targetHints":{"allow":["GET"]}}],"collection":[{"href":"https:\/\/duartellebeili.com\/en\/wp-json\/wp\/v2\/pages"}],"about":[{"href":"https:\/\/duartellebeili.com\/en\/wp-json\/wp\/v2\/types\/page"}],"author":[{"embeddable":true,"href":"https:\/\/duartellebeili.com\/en\/wp-json\/wp\/v2\/users\/1"}],"replies":[{"embeddable":true,"href":"https:\/\/duartellebeili.com\/en\/wp-json\/wp\/v2\/comments?post=16650"}],"version-history":[{"count":23,"href":"https:\/\/duartellebeili.com\/en\/wp-json\/wp\/v2\/pages\/16650\/revisions"}],"predecessor-version":[{"id":20483,"href":"https:\/\/duartellebeili.com\/en\/wp-json\/wp\/v2\/pages\/16650\/revisions\/20483"}],"wp:attachment":[{"href":"https:\/\/duartellebeili.com\/en\/wp-json\/wp\/v2\/media?parent=16650"}],"curies":[{"name":"wp","href":"https:\/\/api.w.org\/{rel}","templated":true}]}}