{"id":16941,"date":"2020-03-02T10:27:05","date_gmt":"2020-03-02T10:27:05","guid":{"rendered":"https:\/\/demo43.houzez.co\/?page_id=16941"},"modified":"2026-01-04T17:00:24","modified_gmt":"2026-01-04T17:00:24","slug":"contact","status":"publish","type":"page","link":"https:\/\/duartellebeili.com\/en\/contact\/","title":{"rendered":"CONTACT"},"content":{"rendered":"<div data-elementor-type=\"wp-page\" data-elementor-id=\"16941\" class=\"elementor elementor-16941\">\n\t\t\t\t<div class=\"elementor-element elementor-element-4515476 e-flex e-con-boxed elementor-invisible e-con e-parent\" data-id=\"4515476\" data-element_type=\"container\" data-e-type=\"container\" data-settings=\"{&quot;animation&quot;:&quot;fadeIn&quot;}\">\n\t\t\t\t\t<div class=\"e-con-inner\">\n\t\t<div class=\"elementor-element elementor-element-af8e64d e-con-full e-flex e-con e-child\" data-id=\"af8e64d\" data-element_type=\"container\" data-e-type=\"container\">\n\t\t<div class=\"elementor-element elementor-element-1383b9f e-con-full e-flex e-con e-child\" data-id=\"1383b9f\" data-element_type=\"container\" data-e-type=\"container\">\n\t\t\t\t<div class=\"elementor-element elementor-element-c35a570 elementor-invisible elementor-widget elementor-widget-heading\" data-id=\"c35a570\" data-element_type=\"widget\" data-e-type=\"widget\" data-settings=\"{&quot;_animation&quot;:&quot;fadeIn&quot;}\" data-widget_type=\"heading.default\">\n\t\t\t\t\t<h2 class=\"elementor-heading-title elementor-size-default\">Obtenga ayuda de expertos<\/h2>\t\t\t\t<\/div>\n\t\t\t\t<div class=\"elementor-element elementor-element-53597c4 elementor-widget elementor-widget-text-editor\" data-id=\"53597c4\" data-element_type=\"widget\" data-e-type=\"widget\" data-widget_type=\"text-editor.default\">\n\t\t\t\t\t\t\t\t\t<p><strong data-start=\"158\" data-end=\"176\">Direcci\u00f3n de oficina<\/strong><\/p><p>Independencia 456, Santiago del Estero. Argentina<\/p>\t\t\t\t\t\t\t\t<\/div>\n\t\t<div class=\"elementor-element elementor-element-8575a88 e-con-full e-flex e-con e-child\" data-id=\"8575a88\" data-element_type=\"container\" data-e-type=\"container\" data-settings=\"{&quot;background_background&quot;:&quot;classic&quot;}\">\n\t\t\t\t<div class=\"elementor-element elementor-element-1e18a59 elementor-widget elementor-widget-google_maps\" data-id=\"1e18a59\" data-element_type=\"widget\" data-e-type=\"widget\" data-widget_type=\"google_maps.default\">\n\t\t\t\t\t\t\t<div class=\"elementor-custom-embed\">\n\t\t\t<iframe loading=\"lazy\"\n\t\t\t\t\tsrc=\"https:\/\/maps.google.com\/maps?q=Independencia%20456%2C%20G4200%20Santiago%20del%20Estero&#038;t=m&#038;z=15&#038;output=embed&#038;iwloc=near\"\n\t\t\t\t\ttitle=\"Independencia 456, G4200 Santiago del Estero\"\n\t\t\t\t\taria-label=\"Independencia 456, G4200 Santiago del Estero\"\n\t\t\t><\/iframe>\n\t\t<\/div>\n\t\t\t\t\t\t<\/div>\n\t\t\t\t<\/div>\n\t\t\t\t<div class=\"elementor-element elementor-element-f5d716d elementor-widget elementor-widget-text-editor\" data-id=\"f5d716d\" data-element_type=\"widget\" data-e-type=\"widget\" data-widget_type=\"text-editor.default\">\n\t\t\t\t\t\t\t\t\t<p><strong>Horarios de atenci\u00f3n:<\/strong><\/p><p><strong>Monday to Friday:<\/strong> 8:30 a.m. to 12:30 p.m. and 3:00 p.m. to 6:00 p.m.<br \/><strong>Saturdays:<\/strong> Attention by appointment<\/p>\t\t\t\t\t\t\t\t<\/div>\n\t\t\t\t<\/div>\n\t\t<div class=\"elementor-element elementor-element-36118db e-con-full e-flex e-con e-child\" data-id=\"36118db\" data-element_type=\"container\" data-e-type=\"container\">\n\t\t\t\t<div class=\"elementor-element elementor-element-f080346 elementor-button-align-stretch elementor-widget elementor-widget-houzez_elementor_inquiry_form\" data-id=\"f080346\" data-element_type=\"widget\" data-e-type=\"widget\" data-widget_type=\"houzez_elementor_inquiry_form.default\">\n\t\t\t\t<div class=\"elementor-widget-container\">\n\t\t\t\t\t\n        <script type=\"application\/javascript\">\n            jQuery(document).bind(\"ready\", function () {\n                houzezValidateElementor(\"#houzez-form-f080346\" );\n            });\n        <\/script>\n\n\n        <form class=\"elementor-form houzez-ele-form-js\" id=\"houzez-form-f080346\" method=\"post\" name=\"Nuevo formulario\" action=\"https:\/\/duartellebeili.com\/wp-admin\/admin-ajax.php\">\n            <input type=\"hidden\" name=\"form_id\" value=\"f080346\"\/>\n            <input type=\"hidden\" name=\"action\" value=\"houzez_ele_inquiry_form\" \/>\n            <input type=\"hidden\" name=\"source_link\" value=\"https:\/\/duartellebeili.com\/en\/contact\/\" \/>\n            <input type=\"hidden\" name=\"lead_page_id\" value=\"16941\" \/>\n            <input type=\"hidden\" name=\"is_estimation\" value=\"yes\" \/>\n            <input type=\"hidden\" name=\"webhook\" value=\"false\" \/>\n            <input type=\"hidden\" name=\"webhook_url\" value=\"\" \/>\n            <input type=\"hidden\" name=\"redirect_to\" value=\"\" \/>\n            <input type=\"hidden\" name=\"email_subject\" value=\"Nuevo mensaje de formulario de contacto web\" \/>\n            <input type=\"hidden\" name=\"google_recaptcha\" value=\"false\" \/>\n\n            <div class=\"elementor-form-fields-wrapper elementor-labels-above\">\n\n                                    <div class=\"elementor-field-group elementor-column form-group elementor-field-group-b66c734 elementor-col-33 elementor-field-required\">\n                    <label for=\"form-field-b66c734\" class=\"form-label elementor-field-label\">Informaci\u00f3n personal<\/label>        <div class=\"elementor-field elementor-select-wrapper\">\n            <select name=\"user_type\" id=\"form-field-b66c734\" class=\"elementor-field-textual form-control elementor-size-md\" required=\"required\" title=\"* Informaci\u00f3n personal\">\n                <option value=\"\">Seleccionar<\/option><option value=\"Propietario\">Propietario<\/option><option value=\"Agente inmobiliario\">Agente inmobiliario<\/option>            <\/select>\n        <\/div>\n                            <\/div>\n\n                                        <div class=\"elementor-field-group elementor-column form-group elementor-field-group-ac32e68 elementor-col-33 elementor-field-required\">\n                    <label for=\"form-field-ac32e68\" class=\"form-label elementor-field-label\">&nbsp;<\/label><input type=\"text\" name=\"first_name\" id=\"form-field-ac32e68\" class=\"elementor-field form-control elementor-size-md elementor-field-textual\" placeholder=\"Primer nombre\" title=\"* Primer nombre\" required=\"required\">                    <\/div>\n\n                                        <div class=\"elementor-field-group elementor-column form-group elementor-field-group-7304c05 elementor-col-33 elementor-field-required\">\n                    <label for=\"form-field-7304c05\" class=\"form-label elementor-field-label\">&nbsp;<\/label><input type=\"text\" name=\"last_name\" id=\"form-field-7304c05\" class=\"elementor-field form-control elementor-size-md elementor-field-textual\" placeholder=\"Apellido\" title=\"* Apellido\" required=\"required\">                    <\/div>\n\n                                        <div class=\"elementor-field-group elementor-column form-group elementor-field-group-7b74074 elementor-col-66 elementor-field-required\">\n                    <input type=\"email\" name=\"email\" id=\"form-field-7b74074\" class=\"elementor-field form-control elementor-size-md elementor-field-textual\" placeholder=\"Email\" title=\"* Email\" required=\"required\">                    <\/div>\n\n                                        <div class=\"elementor-field-group elementor-column form-group elementor-field-group-e92d2c5 elementor-col-33 elementor-field-required\">\n                    <input type=\"text\" name=\"mobile\" id=\"form-field-e92d2c5\" class=\"elementor-field form-control elementor-size-md elementor-field-textual\" placeholder=\"Telefono\" title=\"* Telefono\" required=\"required\">                    <\/div>\n\n                                        <div class=\"elementor-field-group elementor-column form-group elementor-field-group-08ee178 elementor-col-33 elementor-field-required\">\n                    <label for=\"form-field-08ee178\" class=\"form-label elementor-field-label\">Informaci\u00f3n de la propiedad<\/label>        <div class=\"elementor-field elementor-select-wrapper\">\n            <select name=\"e_meta[property_type]\" id=\"form-field-08ee178\" class=\"elementor-field-textual form-control elementor-size-md\" required=\"required\" title=\"* Informaci\u00f3n de la propiedad\">\n                <option value=\"\">Tipo<\/option><option value=\"alquileres-urbanos\"> Alquileres urbanos<\/option><option value=\"arrendamientos\"> Arrendamientos<\/option><option value=\"commercial\"> Commercial<\/option><option value=\"compra-y-venta-rural-campos\"> Compra y venta rural (campos)<\/option><option value=\"desarrollos-inmobiliarios\"> Desarrollos inmobiliarios<\/option><option value=\"tasaciones-urbanas-y-rurales\"> Tasaciones urbanas y rurales<\/option><option value=\"venta-urbana\"> VENTA URBANA<\/option>            <\/select>\n        <\/div>\n                            <\/div>\n\n                                        <div class=\"elementor-field-group elementor-column form-group elementor-field-group-cfcfcd6 elementor-col-33 elementor-field-required\">\n                    <label for=\"form-field-cfcfcd6\" class=\"form-label elementor-field-label\">&nbsp;<\/label><input type=\"text\" name=\"e_meta[zipcode]\" id=\"form-field-cfcfcd6\" class=\"elementor-field form-control elementor-size-md elementor-field-textual\" placeholder=\"CP\" title=\"* CP\" required=\"required\">                    <\/div>\n\n                                        <div class=\"elementor-field-group elementor-column form-group elementor-field-group-5e7d721 elementor-col-33\">\n                    <label for=\"form-field-5e7d721\" class=\"form-label elementor-field-label\">&nbsp;<\/label>        <div class=\"elementor-field elementor-select-wrapper\">\n            <select name=\"e_meta[city]\" id=\"form-field-5e7d721\" class=\"elementor-field-textual form-control elementor-size-md\">\n                <option value=\"\">Ciudad<\/option><option data-ref=\"la-banda\" data-belong=\"\" value=\"la-banda\"> La Banda<\/option><option data-ref=\"los-angeles\" data-belong=\"\" value=\"los-angeles\"> Los Angeles<\/option><option data-ref=\"santiago-del-estero\" data-belong=\"\" value=\"santiago-del-estero\"> Santiago del Estero<\/option>            <\/select>\n        <\/div>\n                            <\/div>\n\n                                        <div class=\"elementor-field-group elementor-column form-group elementor-field-group-c3053de elementor-col-33 elementor-field-required\">\n                    <input type=\"number\" name=\"e_meta[beds]\" id=\"form-field-c3053de\" class=\"elementor-field form-control elementor-size-md elementor-field-textual\" placeholder=\"N. de Dormitorios\" title=\"* N. de Dormitorios\" required=\"required\" min=\"0\">                    <\/div>\n\n                                        <div class=\"elementor-field-group elementor-column form-group elementor-field-group-ca559d7 elementor-col-33 elementor-field-required\">\n                    <input type=\"number\" name=\"e_meta[baths]\" id=\"form-field-ca559d7\" class=\"elementor-field form-control elementor-size-md elementor-field-textual\" placeholder=\"N. de Ba\u00f1os\" title=\"* N. de Ba\u00f1os\" required=\"required\" min=\"0\">                    <\/div>\n\n                                        <div class=\"elementor-field-group elementor-column form-group elementor-field-group-3dbb366 elementor-col-33 elementor-field-required\">\n                    <input type=\"number\" name=\"e_meta[price]\" id=\"form-field-3dbb366\" class=\"elementor-field form-control elementor-size-md elementor-field-textual\" placeholder=\"Tu valor estimado\" title=\"* Tu valor estimado\" required=\"required\" min=\"0\">                    <\/div>\n\n                    \n                    \n                    \n                    \n                    \n                    <div class=\"elementor-field-group elementor-column elementor-field-type-submit elementor-col-100\">\n                    <button type=\"submit\" class=\"houzez-submit-button houzez-contact-form-js elementor-button elementor-size-md\">\n                        <i class=\"houzez-loader-js houzez-hidden spinner-border spinner-border-sm\"><\/i>\n                                                    ENVIAR                                            <\/button>\n                <\/div>\n            <\/div><!-- End wrapper-->\n            <br\/>\n            <div class=\"ele-form-messages\"><\/div>\n            <div class=\"error-container\"><\/div>\n\n        <\/form>\n\n    \t\t\t\t<\/div>\n\t\t\t\t<\/div>\n\t\t\t\t<\/div>\n\t\t\t\t<\/div>\n\t\t\t\t\t<\/div>\n\t\t\t\t<\/div>\n\t\t\t\t<\/div>","protected":false},"excerpt":{"rendered":"<p>Obtenga ayuda de expertos Direcci\u00f3n de oficina Independencia 456, Santiago del Estero. Argentina Horarios de atenci\u00f3n: Lunes a viernes: 8:30 a 12:30 y 15:00 a 18:00S\u00e1bados: Atenci\u00f3n con cita previa Informaci\u00f3n personal SeleccionarPropietarioAgente inmobiliario &nbsp; &nbsp; Informaci\u00f3n de la propiedad Tipo Commercial&#8211; Office&#8211; Shop Residential&#8211; Apartment&#8211; Condo&#8211; Multi Family Home&#8211; Single Family Home&#8211; Studio&#8211; Villa [&hellip;]<\/p>","protected":false},"author":1,"featured_media":0,"parent":0,"menu_order":0,"comment_status":"closed","ping_status":"closed","template":"template\/template-homepage.php","meta":{"_eb_attr":"","footnotes":""},"class_list":["post-16941","page","type-page","status-publish","hentry"],"_hostinger_reach_plugin_has_subscription_block":false,"_hostinger_reach_plugin_is_elementor":false,"_links":{"self":[{"href":"https:\/\/duartellebeili.com\/en\/wp-json\/wp\/v2\/pages\/16941","targetHints":{"allow":["GET"]}}],"collection":[{"href":"https:\/\/duartellebeili.com\/en\/wp-json\/wp\/v2\/pages"}],"about":[{"href":"https:\/\/duartellebeili.com\/en\/wp-json\/wp\/v2\/types\/page"}],"author":[{"embeddable":true,"href":"https:\/\/duartellebeili.com\/en\/wp-json\/wp\/v2\/users\/1"}],"replies":[{"embeddable":true,"href":"https:\/\/duartellebeili.com\/en\/wp-json\/wp\/v2\/comments?post=16941"}],"version-history":[{"count":7,"href":"https:\/\/duartellebeili.com\/en\/wp-json\/wp\/v2\/pages\/16941\/revisions"}],"predecessor-version":[{"id":20143,"href":"https:\/\/duartellebeili.com\/en\/wp-json\/wp\/v2\/pages\/16941\/revisions\/20143"}],"wp:attachment":[{"href":"https:\/\/duartellebeili.com\/en\/wp-json\/wp\/v2\/media?parent=16941"}],"curies":[{"name":"wp","href":"https:\/\/api.w.org\/{rel}","templated":true}]}}