{"id":17149,"date":"2020-03-02T23:33:27","date_gmt":"2020-03-02T23:33:27","guid":{"rendered":"https:\/\/demo43.houzez.co\/?page_id=17149"},"modified":"2026-01-29T02:47:55","modified_gmt":"2026-01-29T02:47:55","slug":"inquiry-form","status":"publish","type":"page","link":"https:\/\/duartellebeili.com\/en\/inquiry-form\/","title":{"rendered":"INVESTMENT SEARCH AND GENERATION"},"content":{"rendered":"<div data-elementor-type=\"wp-page\" data-elementor-id=\"17149\" class=\"elementor elementor-17149\">\n\t\t\t\t<div class=\"elementor-element elementor-element-4606bbe e-flex e-con-boxed elementor-invisible e-con e-parent\" data-id=\"4606bbe\" data-element_type=\"container\" data-e-type=\"container\" data-settings=\"{&quot;background_background&quot;:&quot;classic&quot;,&quot;animation&quot;:&quot;fadeIn&quot;}\">\n\t\t\t\t\t<div class=\"e-con-inner\">\n\t\t<div class=\"elementor-element elementor-element-7aa5b15 e-con-full e-flex e-con e-child\" data-id=\"7aa5b15\" data-element_type=\"container\" data-e-type=\"container\">\n\t\t\t\t<div class=\"elementor-element elementor-element-04167c7 elementor-widget elementor-widget-heading\" data-id=\"04167c7\" data-element_type=\"widget\" data-e-type=\"widget\" data-widget_type=\"heading.default\">\n\t\t\t\t\t<h1 class=\"elementor-heading-title elementor-size-default\">B\u00fasqueda y Generaci\u00f3n de Clientes <\/h1>\t\t\t\t<\/div>\n\t\t\t\t<div class=\"elementor-element elementor-element-7094681 elementor-widget elementor-widget-text-editor\" data-id=\"7094681\" data-element_type=\"widget\" data-e-type=\"widget\" data-widget_type=\"text-editor.default\">\n\t\t\t\t\t\t\t\t\t<p>Dentro de nuestra unidad de <strong>consultor\u00eda estrat\u00e9gica<\/strong>, desarrollamos un servicio especializado de <strong>b\u00fasqueda, identificaci\u00f3n y generaci\u00f3n de clientes e inversores<\/strong>, orientado tanto al mercado local como internacional.<\/p><p>Este servicio consiste en el <strong>dise\u00f1o y ejecuci\u00f3n de estrategias personalizadas<\/strong> para localizar, atraer, calificar y vincular inversores potenciales con oportunidades concretas de negocio, adaptadas a sus objetivos, perfil de riesgo y expectativas de rentabilidad.<\/p><p>A trav\u00e9s de un proceso integral de an\u00e1lisis, investigaci\u00f3n de mercado, networking estrat\u00e9gico y vinculaci\u00f3n comercial, <strong>creamos puentes s\u00f3lidos entre capital y oportunidades reales<\/strong>, actuando como facilitadores y socios estrat\u00e9gicos en cada etapa del proceso de inversi\u00f3n.<\/p>\t\t\t\t\t\t\t\t<\/div>\n\t\t\t\t<div class=\"elementor-element elementor-element-9f96ddd elementor-widget elementor-widget-heading\" data-id=\"9f96ddd\" data-element_type=\"widget\" data-e-type=\"widget\" data-widget_type=\"heading.default\">\n\t\t\t\t\t<h3 class=\"elementor-heading-title elementor-size-default\">Nuestro enfoque se basa en:<\/h3>\t\t\t\t<\/div>\n\t\t\t\t<div class=\"elementor-element elementor-element-5fdaab6 elementor-widget elementor-widget-text-editor\" data-id=\"5fdaab6\" data-element_type=\"widget\" data-e-type=\"widget\" data-widget_type=\"text-editor.default\">\n\t\t\t\t\t\t\t\t\t<ul><li>La <strong>comprensi\u00f3n profunda de las necesidades del inversor<\/strong>,<\/li><li>La <strong>detecci\u00f3n activa de oportunidades de alto valor<\/strong>,<\/li><li>La <strong>construcci\u00f3n de relaciones comerciales duraderas<\/strong>,<\/li><li>Y el <strong>acompa\u00f1amiento profesional continuo<\/strong>, desde la etapa de prospecci\u00f3n hasta la concreci\u00f3n del proyecto.<\/li><\/ul>\t\t\t\t\t\t\t\t<\/div>\n\t\t\t\t<div class=\"elementor-element elementor-element-a8932ef elementor-widget elementor-widget-text-editor\" data-id=\"a8932ef\" data-element_type=\"widget\" data-e-type=\"widget\" data-widget_type=\"text-editor.default\">\n\t\t\t\t\t\t\t\t\t<p>De esta manera, transformamos la b\u00fasqueda tradicional de clientes en un <strong>proceso estrat\u00e9gico de generaci\u00f3n de oportunidades<\/strong>, orientado a maximizar resultados, minimizar riesgos y construir alianzas de largo plazo.<\/p>\t\t\t\t\t\t\t\t<\/div>\n\t\t\t\t<\/div>\n\t\t<div class=\"elementor-element elementor-element-06cc673 e-con-full e-flex e-con e-child\" data-id=\"06cc673\" data-element_type=\"container\" data-e-type=\"container\">\n\t\t\t\t<div class=\"elementor-element elementor-element-0103f71 elementor-button-align-stretch elementor-widget elementor-widget-houzez_elementor_inquiry_form\" data-id=\"0103f71\" data-element_type=\"widget\" data-e-type=\"widget\" data-widget_type=\"houzez_elementor_inquiry_form.default\">\n\t\t\t\t<div class=\"elementor-widget-container\">\n\t\t\t\t\t\n        <script type=\"application\/javascript\">\n            jQuery(document).bind(\"ready\", function () {\n                houzezValidateElementor(\"#houzez-form-0103f71\" );\n            });\n        <\/script>\n\n\n        <form class=\"elementor-form houzez-ele-form-js\" id=\"houzez-form-0103f71\" method=\"post\" name=\"Formulario\" action=\"https:\/\/duartellebeili.com\/wp-admin\/admin-ajax.php\">\n            <input type=\"hidden\" name=\"form_id\" value=\"0103f71\"\/>\n            <input type=\"hidden\" name=\"action\" value=\"houzez_ele_inquiry_form\" \/>\n            <input type=\"hidden\" name=\"source_link\" value=\"https:\/\/duartellebeili.com\/en\/inquiry-form\/\" \/>\n            <input type=\"hidden\" name=\"lead_page_id\" value=\"17149\" \/>\n            <input type=\"hidden\" name=\"is_estimation\" value=\"yes\" \/>\n            <input type=\"hidden\" name=\"webhook\" value=\"false\" \/>\n            <input type=\"hidden\" name=\"webhook_url\" value=\"\" \/>\n            <input type=\"hidden\" name=\"redirect_to\" value=\"\" \/>\n            <input type=\"hidden\" name=\"email_subject\" value=\"Nuevo mensaje Web: B\u00fasqueda y Generaci\u00f3n de Clientes \" \/>\n            <input type=\"hidden\" name=\"google_recaptcha\" value=\"yes\" \/>\n\n            <div class=\"elementor-form-fields-wrapper elementor-labels-above\">\n\n                                    <div class=\"elementor-field-group elementor-column form-group elementor-field-group-ba6c34c elementor-col-100 elementor-field-required\">\n                    <label for=\"form-field-ba6c34c\" class=\"form-label elementor-field-label\">Tipo de consulta<\/label>        <div class=\"elementor-field elementor-select-wrapper\">\n            <select name=\"enquiry_type\" id=\"form-field-ba6c34c\" class=\"elementor-field-textual form-control elementor-size-md\" required=\"required\" title=\"* Tipo de consulta\">\n                <option value=\"\">Seleccionar<\/option><option value=\"Purchase\">Purchase<\/value><option value=\"Rent\"> Rent<\/value><option value=\"Sell\"> Sell<\/value><option value=\"Miss\"> Miss<\/value><option value=\"Evaluation\"> Evaluation<\/value><option value=\"Mortgage\"> Mortgage<\/value>            <\/select>\n        <\/div>\n                            <\/div>\n\n                                        <div class=\"elementor-field-group elementor-column form-group elementor-field-group-b7fe77d elementor-col-100 elementor-field-required\">\n                    <label for=\"form-field-b7fe77d\" class=\"form-label elementor-field-label\">Informaci\u00f3n<\/label>        <div class=\"elementor-field elementor-select-wrapper\">\n            <select name=\"user_type\" id=\"form-field-b7fe77d\" class=\"elementor-field-textual form-control elementor-size-md\" required=\"required\" title=\"* Informaci\u00f3n\">\n                <option value=\"\">Soy propietario de una propiedad<\/option><option value=\"Soy un agente inmobiliario\">Soy un agente inmobiliario<\/option>            <\/select>\n        <\/div>\n                            <\/div>\n\n                                        <div class=\"elementor-field-group elementor-column form-group elementor-field-group-cc6b92f elementor-col-50 elementor-field-required\">\n                    <input type=\"text\" name=\"first_name\" id=\"form-field-cc6b92f\" class=\"elementor-field form-control elementor-size-md elementor-field-textual\" placeholder=\"Primer nombre\" title=\"* Primer nombre\" required=\"required\">                    <\/div>\n\n                                        <div class=\"elementor-field-group elementor-column form-group elementor-field-group-3cc124e elementor-col-50\">\n                    <input type=\"text\" name=\"last_name\" id=\"form-field-3cc124e\" class=\"elementor-field form-control elementor-size-md elementor-field-textual\" placeholder=\"Apellido\" title=\"* Apellido\">                    <\/div>\n\n                                        <div class=\"elementor-field-group elementor-column form-group elementor-field-group-932d82c elementor-col-100 elementor-field-required\">\n                    <input type=\"email\" name=\"email\" id=\"form-field-932d82c\" class=\"elementor-field form-control elementor-size-md elementor-field-textual\" placeholder=\"Direcci\u00f3n de correo electr\u00f3nico\" title=\"* Direcci\u00f3n de correo electr\u00f3nico\" required=\"required\">                    <\/div>\n\n                                        <div class=\"elementor-field-group elementor-column form-group elementor-field-group-2eaf20d elementor-col-50 elementor-field-required\">\n                    <label for=\"form-field-2eaf20d\" class=\"form-label elementor-field-label\">Ubicaci\u00f3n<\/label>        <div class=\"elementor-field elementor-select-wrapper\">\n            <select name=\"e_meta[city]\" id=\"form-field-2eaf20d\" class=\"elementor-field-textual form-control elementor-size-md\" required=\"required\" title=\"* Ubicaci\u00f3n\">\n                <option value=\"\">Seleccionar<\/option><option data-ref=\"la-banda\" data-belong=\"\" value=\"la-banda\"> La Banda<\/option><option data-ref=\"los-angeles\" data-belong=\"\" value=\"los-angeles\"> Los Angeles<\/option><option data-ref=\"santiago-del-estero\" data-belong=\"\" value=\"santiago-del-estero\"> Santiago del Estero<\/option>            <\/select>\n        <\/div>\n                            <\/div>\n\n                                        <div class=\"elementor-field-group elementor-column form-group elementor-field-group-f0ee6fc elementor-col-50 elementor-field-required\">\n                    <label for=\"form-field-f0ee6fc\" class=\"form-label elementor-field-label\">&nbsp;<\/label><input type=\"text\" name=\"e_meta[zipcode]\" id=\"form-field-f0ee6fc\" class=\"elementor-field form-control elementor-size-md elementor-field-textual\" placeholder=\"Codigo Postal\" title=\"* Codigo Postal\" required=\"required\">                    <\/div>\n\n                                        <div class=\"elementor-field-group elementor-column form-group elementor-field-group-3180222 elementor-col-100 elementor-field-required\">\n                    <label for=\"form-field-3180222\" class=\"form-label elementor-field-label\">Propiedad<\/label>        <div class=\"elementor-field elementor-select-wrapper\">\n            <select name=\"e_meta[property_type]\" id=\"form-field-3180222\" class=\"elementor-field-textual form-control elementor-size-md\" required=\"required\" title=\"* Propiedad\">\n                <option value=\"\">Seleccionar<\/option><option value=\"alquileres-urbanos\"> Alquileres urbanos<\/option><option value=\"arrendamientos\"> Arrendamientos<\/option><option value=\"commercial\"> Commercial<\/option><option value=\"compra-y-venta-rural-campos\"> Compra y venta rural (campos)<\/option><option value=\"desarrollos-inmobiliarios\"> Desarrollos inmobiliarios<\/option><option value=\"tasaciones-urbanas-y-rurales\"> Tasaciones urbanas y rurales<\/option><option value=\"venta-urbana\"> VENTA URBANA<\/option>            <\/select>\n        <\/div>\n                            <\/div>\n\n                                        <div class=\"elementor-field-group elementor-column form-group elementor-field-group-c549d17 elementor-col-50 elementor-field-required\">\n                    <input type=\"number\" name=\"e_meta[price]\" id=\"form-field-c549d17\" class=\"elementor-field form-control elementor-size-md elementor-field-textual\" placeholder=\"Precio minimo\" title=\"* Precio minimo\" required=\"required\" min=\"0\">                    <\/div>\n\n                                        <div class=\"elementor-field-group elementor-column form-group elementor-field-group-e08cbcb elementor-col-50 elementor-field-required\">\n                    <input type=\"number\" name=\"e_meta[area-size]\" id=\"form-field-e08cbcb\" class=\"elementor-field form-control elementor-size-md elementor-field-textual\" placeholder=\"Tama\u00f1o minimo (Sq Ft)\" title=\"* Tama\u00f1o minimo (Sq Ft)\" required=\"required\" min=\"0\">                    <\/div>\n\n                                        <div class=\"elementor-field-group elementor-column form-group elementor-field-group-66cc0de elementor-col-50 elementor-field-required\">\n                    <input type=\"number\" name=\"e_meta[beds]\" id=\"form-field-66cc0de\" class=\"elementor-field form-control elementor-size-md elementor-field-textual\" placeholder=\"Numero de dormitorios\" title=\"* Numero de dormitorios\" required=\"required\" min=\"0\">                    <\/div>\n\n                                        <div class=\"elementor-field-group elementor-column form-group elementor-field-group-dea086f elementor-col-50 elementor-field-required\">\n                    <input type=\"number\" name=\"e_meta[baths]\" id=\"form-field-dea086f\" class=\"elementor-field form-control elementor-size-md elementor-field-textual\" placeholder=\"Numero de ba\u00f1os\" title=\"* Numero de ba\u00f1os\" required=\"required\" min=\"0\">                    <\/div>\n\n                    \n                    \n                                        <div class=\"form-group elementor-field-group elementor-col-100\">\n                        <label class=\"control control--checkbox m-0\">\n                                                        <input required type=\"checkbox\" name=\"gdpr_agreement\" id=\"gdpr_agreement\" aria-required=\"true\">\n                            <span class=\"control__indicator\"><\/span>\n                                                        <div class=\"gdpr-text-wrap\">\n                            Doy mi consentimiento para que este sitio web almacene la informaci\u00f3n enviada.                            <\/div>\n                            \n                        <\/label>\n                    <\/div><!-- form-group -->\n                    \n                    \n                                        <div class=\"\">\n                                            <\/div>\n                    \n                    <div class=\"elementor-field-group elementor-column elementor-field-type-submit elementor-col-100\">\n                    <button type=\"submit\" class=\"houzez-submit-button houzez-contact-form-js elementor-button elementor-size-md\">\n                        <i class=\"houzez-loader-js houzez-hidden spinner-border spinner-border-sm\"><\/i>\n                                                    ENVIAR                                            <\/button>\n                <\/div>\n            <\/div><!-- End wrapper-->\n            <br\/>\n            <div class=\"ele-form-messages\"><\/div>\n            <div class=\"error-container\"><\/div>\n\n        <\/form>\n\n    \t\t\t\t<\/div>\n\t\t\t\t<\/div>\n\t\t\t\t<\/div>\n\t\t\t\t\t<\/div>\n\t\t\t\t<\/div>\n\t\t\t\t<\/div>","protected":false},"excerpt":{"rendered":"<p>B\u00fasqueda y Generaci\u00f3n de Clientes Dentro de nuestra unidad de consultor\u00eda estrat\u00e9gica, desarrollamos un servicio especializado de b\u00fasqueda, identificaci\u00f3n y generaci\u00f3n de clientes e inversores, orientado tanto al mercado local como internacional. Este servicio consiste en el dise\u00f1o y ejecuci\u00f3n de estrategias personalizadas para localizar, atraer, calificar y vincular inversores potenciales con oportunidades concretas de [&hellip;]<\/p>","protected":false},"author":1,"featured_media":0,"parent":0,"menu_order":0,"comment_status":"closed","ping_status":"closed","template":"template\/template-homepage.php","meta":{"_eb_attr":"","footnotes":""},"class_list":["post-17149","page","type-page","status-publish","hentry"],"_hostinger_reach_plugin_has_subscription_block":false,"_hostinger_reach_plugin_is_elementor":false,"_links":{"self":[{"href":"https:\/\/duartellebeili.com\/en\/wp-json\/wp\/v2\/pages\/17149","targetHints":{"allow":["GET"]}}],"collection":[{"href":"https:\/\/duartellebeili.com\/en\/wp-json\/wp\/v2\/pages"}],"about":[{"href":"https:\/\/duartellebeili.com\/en\/wp-json\/wp\/v2\/types\/page"}],"author":[{"embeddable":true,"href":"https:\/\/duartellebeili.com\/en\/wp-json\/wp\/v2\/users\/1"}],"replies":[{"embeddable":true,"href":"https:\/\/duartellebeili.com\/en\/wp-json\/wp\/v2\/comments?post=17149"}],"version-history":[{"count":10,"href":"https:\/\/duartellebeili.com\/en\/wp-json\/wp\/v2\/pages\/17149\/revisions"}],"predecessor-version":[{"id":20372,"href":"https:\/\/duartellebeili.com\/en\/wp-json\/wp\/v2\/pages\/17149\/revisions\/20372"}],"wp:attachment":[{"href":"https:\/\/duartellebeili.com\/en\/wp-json\/wp\/v2\/media?parent=17149"}],"curies":[{"name":"wp","href":"https:\/\/api.w.org\/{rel}","templated":true}]}}