{"id":20122,"date":"2026-01-04T16:41:22","date_gmt":"2026-01-04T16:41:22","guid":{"rendered":"https:\/\/duartellebeili.com\/?page_id=20122"},"modified":"2026-01-07T23:21:42","modified_gmt":"2026-01-07T23:21:42","slug":"inicio","status":"publish","type":"page","link":"https:\/\/duartellebeili.com\/en\/inicio\/","title":{"rendered":"Comercio Exterior"},"content":{"rendered":"<div data-elementor-type=\"wp-page\" data-elementor-id=\"20122\" class=\"elementor elementor-20122\">\n\t\t\t\t<div class=\"elementor-element elementor-element-3b1845a e-flex e-con-boxed e-con e-parent\" data-id=\"3b1845a\" data-element_type=\"container\" data-e-type=\"container\" data-settings=\"{&quot;background_background&quot;:&quot;classic&quot;}\">\n\t\t\t\t\t<div class=\"e-con-inner\">\n\t\t<div class=\"elementor-element elementor-element-e8e4c86 e-con-full e-flex e-con e-child\" data-id=\"e8e4c86\" data-element_type=\"container\" data-e-type=\"container\" data-settings=\"{&quot;background_background&quot;:&quot;classic&quot;}\">\n\t\t<div class=\"elementor-element elementor-element-1403cb3 e-con-full e-flex e-con e-child\" data-id=\"1403cb3\" data-element_type=\"container\" data-e-type=\"container\">\n\t\t\t\t<div class=\"elementor-element elementor-element-cd1c369 elementor-widget__width-initial elementor-widget-tablet__width-initial elementor-widget elementor-widget-heading\" data-id=\"cd1c369\" data-element_type=\"widget\" data-e-type=\"widget\" data-widget_type=\"heading.default\">\n\t\t\t\t\t<h1 class=\"elementor-heading-title elementor-size-default\">Descubra su pr\u00f3ximo hogar, donde la comodidad se fusiona con el estilo de vida\n<\/h1>\t\t\t\t<\/div>\n\t\t\t\t<div class=\"elementor-element elementor-element-be0d329 elementor-button-align-stretch elementor-widget elementor-widget-houzez_elementor_search_builder\" data-id=\"be0d329\" data-element_type=\"widget\" data-e-type=\"widget\" data-widget_type=\"houzez_elementor_search_builder.default\">\n\t\t\t\t<div class=\"elementor-widget-container\">\n\t\t\t\t\t        <style>\n            #houzez-search-be0d329 .houzez-ele-search-form-wrapper {\n                padding-bottom: 0px;\n            }\n        <\/style>\n        \n        <form class=\"houzez-search-form-js houzez-search-builder-form-js\" id=\"houzez-search-be0d329\" method=\"get\" action=\"https:\/\/duartellebeili.com\/en\/search-results\/\" data-trp-original-action=\"https:\/\/duartellebeili.com\/en\/search-results\/\" >\n\n            \n            <div class=\"houzez-search-builder-wrapper\">\n\n                <div class=\"houzez-ele-search-form-wrapper elementor-form-fields-wrapper elementor-labels-above\">\n\n                                            <div class=\"elementor-field-group elementor-column form-group elementor-field-group-4b30271 elementor-col-30 elementor-md-100\">\n                    <label for=\"form-field-4b30271\" class=\"elementor-field-label\">Buscar<\/label><input type=\"text\" size=\"1\" name=\"keyword\" id=\"form-field-4b30271\" value=\"\" class=\"elementor-field form-control elementor-size-md elementor-field-textual houzez-keyword-autocomplete\" placeholder=\"Palabra clave\"><div id=\"auto_complete_ajax\" class=\"auto-complete\"><\/div>                    <\/div>\n                                <div class=\"elementor-field-group elementor-column form-group elementor-field-group-field-types elementor-col-20 elementor-md-100 elementor-sm-100\">\n                    <label for=\"form-field-field-types\" class=\"elementor-field-label\">Caracteristicas<\/label>        <div class=\"elementor-field elementor-select-wrapper form-group\">\n            <select data-size=\"5\" name=\"type[]\" id=\"form-field-field-types\" class=\"selectpicker bs-select-hidden houzez-field-textual form-control elementor-size-md\" data-none-results-text=\"Ning\u00fan resultado coincide {0}\">\n                <option value=\"\">Tipo de propiedad<\/option><option data-ref=\"alquileres-urbanos\"   value=\"alquileres-urbanos\">Alquileres urbanos<\/option><option data-ref=\"arrendamientos\"   value=\"arrendamientos\">Arrendamientos<\/option><option data-ref=\"commercial\"   value=\"commercial\">Commercial<\/option><option data-ref=\"compra-y-venta-rural-campos\"   value=\"compra-y-venta-rural-campos\">Compra y venta rural (campos)<\/option><option data-ref=\"desarrollos-inmobiliarios\"   value=\"desarrollos-inmobiliarios\">Desarrollos inmobiliarios<\/option><option data-ref=\"tasaciones-urbanas-y-rurales\"   value=\"tasaciones-urbanas-y-rurales\">Tasaciones urbanas y rurales<\/option><option data-ref=\"venta-urbana\"   value=\"venta-urbana\">VENTA URBANA<\/option>            <\/select>\n        <\/div>\n                            <\/div>\n                                <div class=\"elementor-field-group elementor-column form-group elementor-field-group-6b0017d elementor-col-20 elementor-md-100\">\n                    <label for=\"form-field-6b0017d\" class=\"elementor-field-label\">UBICACI\u00d3N<\/label>        <div class=\"elementor-field elementor-select-wrapper form-group\">\n            <select data-size=\"5\" name=\"location[]\" id=\"form-field-6b0017d\" class=\"selectpicker bs-select-hidden houzez-field-textual form-control elementor-size-md houzezSelectFilter houzezCityFilter houzezThirdList houzez-city-js\" data-none-results-text=\"Ning\u00fan resultado coincide {0}\" data-target=\"houzezFourthList\">\n                <option value=\"\">Todas<\/option><option data-ref=\"la-banda\" data-belong=\"\" data-subtext=\"\" value=\"la-banda\">La Banda<\/option><option data-ref=\"los-angeles\" data-belong=\"\" data-subtext=\"\" value=\"los-angeles\">Los Angeles<\/option><option data-ref=\"santiago-del-estero\" data-belong=\"\" data-subtext=\"\" value=\"santiago-del-estero\">Santiago del Estero<\/option>            <\/select>\n        <\/div>\n                            <\/div>\n                                <div class=\"elementor-field-group elementor-column form-group elementor-field-group-7088cf7 elementor-col-20 elementor-md-30\">\n                    <label for=\"form-field-7088cf7\" class=\"elementor-field-label\">Precio<\/label>        <div class=\"prices-for-all elementor-field elementor-select-wrapper\">\n            <select data-size=\"5\" name=\"max-price\" id=\"form-field-7088cf7\" class=\"selectpicker bs-select-hidden houzez-field-textual form-control elementor-size-md\">\n                <option value=\"\">$<\/option><option value=\"any\">Cualquiera<\/option><option value=\"5000\">$5.000<\/option><option value=\"10000\">$10.000<\/option><option value=\"50000\">$50.000<\/option><option value=\"100000\">$100.000<\/option><option value=\"200000\">$200.000<\/option><option value=\"300000\">$300.000<\/option><option value=\"400000\">$400.000<\/option><option value=\"500000\">$500.000<\/option><option value=\"600000\">$600.000<\/option><option value=\"700000\">$700.000<\/option><option value=\"800000\">$800.000<\/option><option value=\"900000\">$900.000<\/option><option value=\"1000000\">$1.000.000<\/option><option value=\"1500000\">$1.500.000<\/option><option value=\"2000000\">$2.000.000<\/option><option value=\"2500000\">$2.500.000<\/option><option value=\"5000000\">$5.000.000<\/option><option value=\"10000000\">$10.000.000<\/option>\n            <\/select><!-- selectpicker -->\n        <\/div><!-- form-group -->\n\n        <div class=\"hide prices-only-for-rent elementor-field elementor-select-wrapper\">\n            <select data-size=\"5\" name=\"max-price\" id=\"form-field-7088cf7\" class=\"selectpicker bs-select-hidden houzez-field-textual form-control elementor-size-md\">\n                <option value=\"\">$<\/option><option value=\"any\">Cualquiera<\/option><option value=\"1000\">$1.000<\/option><option value=\"2000\">$2.000<\/option><option value=\"3000\">$3.000<\/option><option value=\"4000\">$4.000<\/option><option value=\"5000\">$5.000<\/option><option value=\"7500\">$7.500<\/option><option value=\"10000\">$10.000<\/option><option value=\"15000\">$15.000<\/option><option value=\"20000\">$20.000<\/option><option value=\"25000\">$25.000<\/option><option value=\"30000\">$30.000<\/option><option value=\"40000\">$40.000<\/option><option value=\"50000\">$50.000<\/option><option value=\"75000\">$75.000<\/option><option value=\"100000\">$100.000<\/option><option value=\"150000\">$150.000<\/option>\n            <\/select><!-- selectpicker -->\n        <\/div><!-- form-group -->\n                            <\/div>\n                                    <div class=\"elementor-field-group elementor-column elementor-field-type-submit elementor-col-10 elementor-md-100\">\n                                <button type=\"submit\" class=\"houzez-search-button btn-primary elementor-button elementor-size-md\">\n                                                                        <i class=\"houzez-icon icon-search\"><\/i>\n                                                                    <\/button>\n                            <\/div>\n                            \n                <\/div><!-- End main wrapper-->\n\n                            <\/div> <!-- End houzez-search-builder-wrapper -->\n        <input type=\"hidden\" name=\"trp-form-language\" value=\"en\"\/><\/form>\n\n        \t\t\t\t<\/div>\n\t\t\t\t<\/div>\n\t\t\t\t<\/div>\n\t\t\t\t<\/div>\n\t\t\t\t\t<\/div>\n\t\t\t\t<\/div>\n\t\t<div class=\"elementor-element elementor-element-5e366c9 animated-fast e-flex e-con-boxed e-con e-parent\" data-id=\"5e366c9\" data-element_type=\"container\" data-e-type=\"container\" data-settings=\"{&quot;background_background&quot;:&quot;classic&quot;,&quot;animation&quot;:&quot;none&quot;}\">\n\t\t\t\t\t<div class=\"e-con-inner\">\n\t\t<div class=\"elementor-element elementor-element-f7ac5ec e-con-full e-flex e-con e-child\" data-id=\"f7ac5ec\" data-element_type=\"container\" data-e-type=\"container\" data-settings=\"{&quot;background_background&quot;:&quot;classic&quot;}\">\n\t\t<div class=\"elementor-element elementor-element-4c718bc e-con-full e-flex e-con e-child\" data-id=\"4c718bc\" data-element_type=\"container\" data-e-type=\"container\">\n\t\t\t\t<div class=\"elementor-element elementor-element-ff071ce elementor-widget elementor-widget-heading\" data-id=\"ff071ce\" data-element_type=\"widget\" data-e-type=\"widget\" data-widget_type=\"heading.default\">\n\t\t\t\t\t<h2 class=\"elementor-heading-title elementor-size-default\">Comercio Exterior<\/h2>\t\t\t\t<\/div>\n\t\t\t\t<\/div>\n\t\t\t\t<\/div>\n\t\t<div class=\"elementor-element elementor-element-2e260e5 e-con-full e-flex e-con e-child\" data-id=\"2e260e5\" data-element_type=\"container\" data-e-type=\"container\">\n\t\t<div class=\"elementor-element elementor-element-df68796 e-con-full e-flex e-con e-child\" data-id=\"df68796\" data-element_type=\"container\" data-e-type=\"container\">\n\t\t\t\t<div class=\"elementor-element elementor-element-b5304e8 elementor-widget elementor-widget-image\" data-id=\"b5304e8\" data-element_type=\"widget\" data-e-type=\"widget\" data-widget_type=\"image.default\">\n\t\t\t\t\t\t\t\t\t\t\t\t\t\t\t<img fetchpriority=\"high\" decoding=\"async\" width=\"236\" height=\"256\" src=\"https:\/\/duartellebeili.com\/wp-content\/uploads\/2026\/01\/Sin-titulo-4.jpg\" class=\"attachment-large size-large wp-image-20289\" alt=\"\" srcset=\"\" \/>\t\t\t\t\t\t\t\t\t\t\t\t\t\t\t<\/div>\n\t\t\t\t<\/div>\n\t\t<div class=\"elementor-element elementor-element-11f502f e-con-full e-flex e-con e-child\" data-id=\"11f502f\" data-element_type=\"container\" data-e-type=\"container\">\n\t\t\t\t<div class=\"elementor-element elementor-element-36c6392 elementor-view-default elementor-position-block-start elementor-mobile-position-block-start elementor-widget elementor-widget-icon-box\" data-id=\"36c6392\" data-element_type=\"widget\" data-e-type=\"widget\" data-widget_type=\"icon-box.default\">\n\t\t\t\t\t\t\t<div class=\"elementor-icon-box-wrapper\">\n\n\t\t\t\t\t\t<div class=\"elementor-icon-box-icon\">\n\t\t\t\t<span  class=\"elementor-icon\">\n\t\t\t\t<svg xmlns=\"http:\/\/www.w3.org\/2000\/svg\" xmlns:xlink=\"http:\/\/www.w3.org\/1999\/xlink\" id=\"Regular\" x=\"0px\" y=\"0px\" viewbox=\"0 0 24 24\" style=\"enable-background:new 0 0 24 24;\" xml:space=\"preserve\"><title>real-estate-deal-shake-building<\/title><g>\t<path d=\"M10.153,24.005c-0.444,0-0.874-0.181-1.185-0.498l-2.855-2.171H5.109c-0.306,0.788-1.08,1.334-1.942,1.334h-2  c-0.414,0-0.75-0.336-0.75-0.75s0.336-0.75,0.75-0.75h2c0.322,0,0.583-0.261,0.583-0.583v-6.665c0-0.158-0.061-0.305-0.171-0.415  c-0.11-0.11-0.256-0.171-0.412-0.171h-2c-0.414,0-0.75-0.336-0.75-0.75s0.336-0.75,0.75-0.75h2c0.557,0,1.081,0.217,1.474,0.611  c0.136,0.136,0.25,0.287,0.342,0.451l3.016-1.286c0.336-0.134,0.679-0.201,1.026-0.201c0.563,0,1.104,0.174,1.565,0.504  l2.271-1.104c0.402-0.201,0.858-0.308,1.317-0.308c0.347,0,0.688,0.06,1.011,0.177l4.076,1.56c0.356-0.263,0.786-0.406,1.232-0.406  H22.5c0.414,0,0.75,0.336,0.75,0.75s-0.336,0.75-0.75,0.75h-2c-0.156,0-0.302,0.061-0.412,0.171c-0.11,0.11-0.171,0.257-0.17,0.412  v6.667c0,0.322,0.261,0.584,0.583,0.584h2c0.414,0,0.75,0.336,0.75,0.75s-0.336,0.75-0.75,0.75h-2  c-1.148,0-2.083-0.934-2.083-2.083V20.37l-4.206,0.841l-3.013,2.42C10.906,23.871,10.533,24.005,10.153,24.005z M6.365,19.835  c0.163,0,0.324,0.054,0.454,0.153l3.106,2.362c0.04,0.031,0.075,0.063,0.106,0.098c0.043,0.048,0.094,0.055,0.121,0.055  c0.026,0,0.065-0.006,0.102-0.037l4.667-3.749c0.061-0.05,0.073-0.137,0.029-0.206l-2.181-2.403l-0.455,0.187  c-0.282,0.111-0.572,0.166-0.868,0.166c-0.975,0-1.834-0.585-2.19-1.49c-0.261-0.665-0.205-1.398,0.134-2.004  c-0.116-0.037-0.239-0.056-0.365-0.056c-0.155,0-0.308,0.03-0.454,0.088L5.25,14.415v5.42H6.365z M16.086,17.532  c0.012,0.012,0.025,0.029,0.038,0.045c0.388,0.497,0.451,1.14,0.217,1.678l2.076-0.415v-4.921c0-0.129,0.012-0.257,0.035-0.383  l-3.787-1.449c-0.15-0.054-0.315-0.083-0.485-0.083c-0.228,0-0.455,0.053-0.657,0.154l-2.477,1.204  c-0.015,0.008-0.034,0.022-0.053,0.035l-0.01,0.007c-0.03,0.024-0.062,0.046-0.095,0.065c-0.276,0.233-0.371,0.614-0.237,0.956  c0.127,0.323,0.445,0.54,0.793,0.54c0.106,0,0.21-0.02,0.309-0.059l2.461-1.012c0.091-0.038,0.187-0.057,0.286-0.057  c0.305,0,0.577,0.183,0.693,0.465c0.076,0.185,0.076,0.389-0.001,0.574c-0.077,0.185-0.222,0.329-0.407,0.405l-0.542,0.223  L16.086,17.532z\"><\/path>\t<path d=\"M3.583,10.502c-0.414,0-0.75-0.336-0.75-0.75v-8.25c0.001-0.403,0.158-0.78,0.443-1.062  c0.283-0.281,0.659-0.436,1.058-0.436c0.186,0,0.363,0.033,0.532,0.098c0.027,0.01,0.054,0.022,0.079,0.035l3.888,2.012V0.753  c0-0.414,0.336-0.75,0.75-0.75s0.75,0.336,0.75,0.75v2.172l2.83,1.465c0.551,0.23,0.921,0.782,0.923,1.38v0.233h5.247  c1.241,0,2.25,1.009,2.25,2.25v0.75c0,0.414-0.336,0.75-0.75,0.75s-0.75-0.336-0.75-0.75v-0.75c0-0.414-0.336-0.75-0.75-0.75  h-5.247v1.5c0,0.414-0.336,0.75-0.75,0.75s-0.75-0.336-0.75-0.75V6.806c-0.002-0.016-0.003-0.035-0.003-0.054  c0-0.012,0.001-0.034,0.003-0.052V5.772c-0.028-0.009-0.055-0.021-0.081-0.034L4.334,1.509L4.333,4.503h1.5  c0.414,0,0.75,0.336,0.75,0.75s-0.336,0.75-0.75,0.75h-1.5v1.5h3c0.414,0,0.75,0.336,0.75,0.75s-0.336,0.75-0.75,0.75h-3v0.749  C4.333,10.166,3.996,10.502,3.583,10.502z\"><\/path><\/g><\/svg>\t\t\t\t<\/span>\n\t\t\t<\/div>\n\t\t\t\n\t\t\t\t\t\t<div class=\"elementor-icon-box-content\">\n\n\t\t\t\t\t\t\t\t\t<h3 class=\"elementor-icon-box-title\">\n\t\t\t\t\t\t<span  >\n\t\t\t\t\t\t\tImportaci\u00f3n y Exportaci\u00f3n\t\t\t\t\t\t<\/span>\n\t\t\t\t\t<\/h3>\n\t\t\t\t\n\t\t\t\t\t\t\t\t\t<p class=\"elementor-icon-box-description\">\n\t\t\t\t\t\tGesti\u00f3n y vinculaci\u00f3n para operaciones de comercio exterior, facilitando el ingreso y salida de productos regionales y comerciales.\t\t\t\t\t<\/p>\n\t\t\t\t\n\t\t\t<\/div>\n\t\t\t\n\t\t<\/div>\n\t\t\t\t\t\t<\/div>\n\t\t\t\t<\/div>\n\t\t\t\t<\/div>\n\t\t<div class=\"elementor-element elementor-element-6b988d6 e-con-full e-flex e-con e-child\" data-id=\"6b988d6\" data-element_type=\"container\" data-e-type=\"container\">\n\t\t\t\t<div class=\"elementor-element elementor-element-f29178e elementor-widget elementor-widget-heading\" data-id=\"f29178e\" data-element_type=\"widget\" data-e-type=\"widget\" data-widget_type=\"heading.default\">\n\t\t\t\t\t<h2 class=\"elementor-heading-title elementor-size-default\">Formulario de contacto<\/h2>\t\t\t\t<\/div>\n\t\t\t\t<div class=\"elementor-element elementor-element-3362f55 elementor-button-align-stretch elementor-widget elementor-widget-houzez_elementor_contact_form\" data-id=\"3362f55\" data-element_type=\"widget\" data-e-type=\"widget\" data-widget_type=\"houzez_elementor_contact_form.default\">\n\t\t\t\t<div class=\"elementor-widget-container\">\n\t\t\t\t\t\n        <script type=\"application\/javascript\">\n            jQuery(document).bind(\"ready\", function () {\n                houzezValidateElementor(\"#houzez-form-3362f55\" );\n            });\n        <\/script>\n\n        <form class=\"elementor-form houzez-ele-form-js\" id=\"houzez-form-3362f55\" method=\"post\" name=\"New Form\" action=\"https:\/\/duartellebeili.com\/wp-admin\/admin-ajax.php\">\n            <input type=\"hidden\" name=\"form_id\" value=\"3362f55\"\/>\n            <input type=\"hidden\" name=\"houzez_contact_form\" value=\"yes\"\/>\n            <input type=\"hidden\" name=\"action\" value=\"houzez_ele_contact_form\" \/>\n            <input type=\"hidden\" name=\"source_link\" value=\"https:\/\/duartellebeili.com\/en\/inicio\/\" \/>\n            <input type=\"hidden\" name=\"lead_page_id\" value=\"20122\" \/>\n            <input type=\"hidden\" name=\"webhook\" value=\"false\" \/>\n            <input type=\"hidden\" name=\"webhook_url\" value=\"\" \/>\n            <input type=\"hidden\" name=\"redirect_to\" value=\"\" \/>\n            <input type=\"hidden\" name=\"google_recaptcha\" value=\"false\" \/>\n            \n\n            <div class=\"elementor-form-fields-wrapper elementor-labels-above\">\n\n                                    <div class=\"elementor-field-group elementor-column form-group elementor-field-group-name elementor-col-100\">\n                    <label for=\"form-field-name\" class=\"form-label elementor-field-label\">Nombre y Apellido<\/label><input type=\"text\" name=\"name\" id=\"form-field-name\" class=\"elementor-field form-control elementor-size-sm elementor-field-textual\" placeholder=\"Nombre\" title=\"* Nombre y Apellido\">                    <\/div>\n\n                                        <div class=\"elementor-field-group elementor-column form-group elementor-field-group-email elementor-col-100 elementor-field-required\">\n                    <label for=\"form-field-email\" class=\"form-label elementor-field-label\">Email<\/label><input type=\"email\" name=\"email\" id=\"form-field-email\" class=\"elementor-field form-control elementor-size-sm elementor-field-textual\" placeholder=\"Email\" title=\"* Email\" required=\"required\">                    <\/div>\n\n                                        <div class=\"elementor-field-group elementor-column form-group elementor-field-group-message elementor-col-100\">\n                    <label for=\"form-field-message\" class=\"form-label elementor-field-label\">Mensaje<\/label><textarea class=\"elementor-field-textual elementor-field elementor-size-sm\" name=\"message\" id=\"form-field-message\" rows=\"4\" placeholder=\"Ingrese su consulta\"><\/textarea>                    <\/div>\n\n                                        <div class=\"elementor-field-group elementor-column form-group elementor-field-group-434cf40 elementor-col-100\">\n                    <label for=\"form-field-434cf40\" class=\"form-label elementor-field-label\">Telefono<\/label><input type=\"text\" name=\"mobile\" id=\"form-field-434cf40\" class=\"elementor-field form-control elementor-size-sm elementor-field-textual\" placeholder=\"Ingrese su telefono\" title=\"* Telefono\">                    <\/div>\n\n                    \n                    \n                    \n                    \n                    <div class=\"elementor-field-group elementor-column elementor-field-type-submit elementor-col-100\">\n                    <button type=\"submit\" class=\"houzez-submit-button houzez-contact-form-js elementor-button elementor-size-sm\">\n                        <i class=\"houzez-loader-js houzez-hidden spinner-border spinner-border-sm\"><\/i>\n                                                    ENVIAR                                            <\/button>\n                <\/div>\n            <\/div><!-- End wrapper-->\n            <br\/>\n            <div class=\"ele-form-messages\"><\/div>\n            <div class=\"error-container\"><\/div>\n\n        <\/form>\n\n    \t\t\t\t<\/div>\n\t\t\t\t<\/div>\n\t\t\t\t<\/div>\n\t\t\t\t\t<\/div>\n\t\t\t\t<\/div>\n\t\t\t\t<\/div>","protected":false},"excerpt":{"rendered":"<p>Descubra su pr\u00f3ximo hogar, donde la comodidad se fusiona con el estilo de vida Buscar Caracteristicas Tipo de propiedadAlquileres urbanosArrendamientosCommercialCompra y venta rural (campos)Desarrollos inmobiliariosTasaciones urbanas y rurales UBICACI\u00d3N TodasLos AngelesSantiago del Estero Precio $Cualquiera$5,000$10,000$50,000$100,000$200,000$300,000$400,000$500,000$600,000$700,000$800,000$900,000$1,000,000$1,500,000$2,000,000$2,500,000$5,000,000$10,000,000 $Cualquiera$1,000$2,000$3,000$4,000$5,000$7,500$10,000$15,000$20,000$25,000$30,000$40,000$50,000$75,000$100,000$150,000 Comercio Exterior real-estate-deal-shake-building Importaci\u00f3n y Exportaci\u00f3n Gesti\u00f3n y vinculaci\u00f3n para operaciones de comercio exterior, facilitando el ingreso y salida [&hellip;]<\/p>","protected":false},"author":1,"featured_media":0,"parent":0,"menu_order":0,"comment_status":"closed","ping_status":"closed","template":"elementor_header_footer","meta":{"_eb_attr":"","footnotes":""},"class_list":["post-20122","page","type-page","status-publish","hentry"],"_hostinger_reach_plugin_has_subscription_block":false,"_hostinger_reach_plugin_is_elementor":false,"_links":{"self":[{"href":"https:\/\/duartellebeili.com\/en\/wp-json\/wp\/v2\/pages\/20122","targetHints":{"allow":["GET"]}}],"collection":[{"href":"https:\/\/duartellebeili.com\/en\/wp-json\/wp\/v2\/pages"}],"about":[{"href":"https:\/\/duartellebeili.com\/en\/wp-json\/wp\/v2\/types\/page"}],"author":[{"embeddable":true,"href":"https:\/\/duartellebeili.com\/en\/wp-json\/wp\/v2\/users\/1"}],"replies":[{"embeddable":true,"href":"https:\/\/duartellebeili.com\/en\/wp-json\/wp\/v2\/comments?post=20122"}],"version-history":[{"count":28,"href":"https:\/\/duartellebeili.com\/en\/wp-json\/wp\/v2\/pages\/20122\/revisions"}],"predecessor-version":[{"id":20302,"href":"https:\/\/duartellebeili.com\/en\/wp-json\/wp\/v2\/pages\/20122\/revisions\/20302"}],"wp:attachment":[{"href":"https:\/\/duartellebeili.com\/en\/wp-json\/wp\/v2\/media?parent=20122"}],"curies":[{"name":"wp","href":"https:\/\/api.w.org\/{rel}","templated":true}]}}