{"id":20309,"date":"2026-01-20T02:29:04","date_gmt":"2026-01-20T02:29:04","guid":{"rendered":"https:\/\/duartellebeili.com\/?page_id=20309"},"modified":"2026-01-29T19:39:14","modified_gmt":"2026-01-29T19:39:14","slug":"inicio-de-web","status":"publish","type":"page","link":"https:\/\/duartellebeili.com\/en\/","title":{"rendered":"Inicio de web"},"content":{"rendered":"<div data-elementor-type=\"wp-page\" data-elementor-id=\"20309\" class=\"elementor elementor-20309\">\n\t\t\t\t<div class=\"elementor-element elementor-element-ca7d404 e-con-full e-flex e-con e-parent\" data-id=\"ca7d404\" data-element_type=\"container\" data-e-type=\"container\" data-settings=\"{&quot;background_background&quot;:&quot;classic&quot;}\">\n\t\t<div class=\"elementor-element elementor-element-dfbd44f e-con-full e-flex e-con e-child\" data-id=\"dfbd44f\" data-element_type=\"container\" data-e-type=\"container\">\n\t\t\t\t<div class=\"elementor-element elementor-element-ac56b12 elementor-widget elementor-widget-spacer\" data-id=\"ac56b12\" data-element_type=\"widget\" data-e-type=\"widget\" data-widget_type=\"spacer.default\">\n\t\t\t\t\t\t\t<div class=\"elementor-spacer\">\n\t\t\t<div class=\"elementor-spacer-inner\"><\/div>\n\t\t<\/div>\n\t\t\t\t\t\t<\/div>\n\t\t\t\t<div class=\"elementor-element elementor-element-1983918 elementor-widget elementor-widget-image\" data-id=\"1983918\" data-element_type=\"widget\" data-e-type=\"widget\" data-widget_type=\"image.default\">\n\t\t\t\t\t\t\t\t\t\t\t\t\t\t\t<img decoding=\"async\" width=\"230\" height=\"103\" src=\"https:\/\/duartellebeili.com\/wp-content\/uploads\/2024\/09\/imagen_2026-01-04_025955450.png\" class=\"attachment-full size-full wp-image-20042\" alt=\"\" \/>\t\t\t\t\t\t\t\t\t\t\t\t\t\t\t<\/div>\n\t\t\t\t<div class=\"elementor-element elementor-element-36c13a9 elementor-widget elementor-widget-spacer\" data-id=\"36c13a9\" data-element_type=\"widget\" data-e-type=\"widget\" data-widget_type=\"spacer.default\">\n\t\t\t\t\t\t\t<div class=\"elementor-spacer\">\n\t\t\t<div class=\"elementor-spacer-inner\"><\/div>\n\t\t<\/div>\n\t\t\t\t\t\t<\/div>\n\t\t\t\t<div class=\"elementor-element elementor-element-cd56ae3 elementor-widget elementor-widget-text-editor\" data-id=\"cd56ae3\" data-element_type=\"widget\" data-e-type=\"widget\" data-widget_type=\"text-editor.default\">\n\t\t\t\t\t\t\t\t\t<div class=\"elementor-element elementor-element-c97a775 e-grid e-con-boxed e-con e-parent e-lazyloaded\" data-id=\"c97a775\" data-element_type=\"container\"><div class=\"e-con-inner\"><div class=\"elementor-element elementor-element-d188884 elementor-widget elementor-widget-text-editor\" data-id=\"d188884\" data-element_type=\"widget\" data-widget_type=\"text-editor.default\"><p>We are one <strong>local real estate agency and real estate consultancy<\/strong>, which provides the traditional services of the sector, and which is distinguished by its <strong>international projection and strategic focus on investments<\/strong>.<\/p><p>Through our consulting firm, we develop the <strong>Search and generation of foreign investors interested in the local market<\/strong>, as well as accompanying <strong>local investors who wish to invest abroad<\/strong>creating a true <strong>international investment bridge<\/strong>.<\/p><p>We adapt to the needs of each investor, acting as <strong>strategic partners<\/strong> in the development of projects in <strong>Santiago del Estero, Argentina and the world<\/strong>.<br \/>We specialize in <strong>property rental and sales<\/strong>with a strong emphasis on <strong>real estate investment and development operations<\/strong>.<\/p><p style=\"text-align: center;\">We support each client as strategic partners, offering a comprehensive ecosystem that facilitates safe, profitable investment decisions tailored to their needs, with the aim of building a network of investors who find in our services comprehensive support to develop and enhance their wealth.<\/p><\/div><\/div><\/div>\t\t\t\t\t\t\t\t<\/div>\n\t\t\t\t<div class=\"elementor-element elementor-element-47d57a8 elementor-widget elementor-widget-spacer\" data-id=\"47d57a8\" data-element_type=\"widget\" data-e-type=\"widget\" data-widget_type=\"spacer.default\">\n\t\t\t\t\t\t\t<div class=\"elementor-spacer\">\n\t\t\t<div class=\"elementor-spacer-inner\"><\/div>\n\t\t<\/div>\n\t\t\t\t\t\t<\/div>\n\t\t<div class=\"elementor-element elementor-element-34313d1 e-flex e-con-boxed e-con e-child\" data-id=\"34313d1\" data-element_type=\"container\" data-e-type=\"container\">\n\t\t\t\t\t<div class=\"e-con-inner\">\n\t\t<div class=\"elementor-element elementor-element-11b03ba e-grid e-con-full e-con e-child\" data-id=\"11b03ba\" data-element_type=\"container\" data-e-type=\"container\">\n\t\t\t\t<div class=\"elementor-element elementor-element-4807dee elementor-align-center elementor-widget elementor-widget-button\" data-id=\"4807dee\" data-element_type=\"widget\" data-e-type=\"widget\" data-widget_type=\"button.default\">\n\t\t\t\t\t\t\t\t\t\t<a class=\"elementor-button elementor-button-link elementor-size-sm\" href=\"https:\/\/duartellebeili.com\/en\/listings\/\">\n\t\t\t\t\t\t<span class=\"elementor-button-content-wrapper\">\n\t\t\t\t\t\t\t\t\t<span class=\"elementor-button-text\">REAL ESTATE<\/span>\n\t\t\t\t\t<\/span>\n\t\t\t\t\t<\/a>\n\t\t\t\t\t\t\t\t<\/div>\n\t\t\t\t<div class=\"elementor-element elementor-element-f9446dd elementor-align-center elementor-widget elementor-widget-button\" data-id=\"f9446dd\" data-element_type=\"widget\" data-e-type=\"widget\" data-widget_type=\"button.default\">\n\t\t\t\t\t\t\t\t\t\t<a class=\"elementor-button elementor-button-link elementor-size-sm\" href=\"https:\/\/duartellebeili.com\/en\/consultoria\/\">\n\t\t\t\t\t\t<span class=\"elementor-button-content-wrapper\">\n\t\t\t\t\t\t\t\t\t<span class=\"elementor-button-text\">CONSULTANCY<\/span>\n\t\t\t\t\t<\/span>\n\t\t\t\t\t<\/a>\n\t\t\t\t\t\t\t\t<\/div>\n\t\t\t\t<\/div>\n\t\t\t\t\t<\/div>\n\t\t\t\t<\/div>\n\t\t\t\t<\/div>\n\t\t\t\t<\/div>\n\t\t\t\t<\/div>","protected":false},"excerpt":{"rendered":"<p>Somos una inmobiliaria local y consultora de bienes ra\u00edces, que brinda los servicios tradicionales del sector, y que se diferencia por su proyecci\u00f3n internacional y enfoque estrat\u00e9gico en inversiones. A trav\u00e9s de nuestra consultora, desarrollamos la b\u00fasqueda y generaci\u00f3n de inversores extranjeros interesados en el mercado local, as\u00ed como tambi\u00e9n acompa\u00f1amos a inversores locales que [&hellip;]<\/p>","protected":false},"author":1,"featured_media":0,"parent":0,"menu_order":0,"comment_status":"closed","ping_status":"closed","template":"elementor_header_footer","meta":{"_eb_attr":"","footnotes":""},"class_list":["post-20309","page","type-page","status-publish","hentry"],"_hostinger_reach_plugin_has_subscription_block":false,"_hostinger_reach_plugin_is_elementor":false,"_links":{"self":[{"href":"https:\/\/duartellebeili.com\/en\/wp-json\/wp\/v2\/pages\/20309","targetHints":{"allow":["GET"]}}],"collection":[{"href":"https:\/\/duartellebeili.com\/en\/wp-json\/wp\/v2\/pages"}],"about":[{"href":"https:\/\/duartellebeili.com\/en\/wp-json\/wp\/v2\/types\/page"}],"author":[{"embeddable":true,"href":"https:\/\/duartellebeili.com\/en\/wp-json\/wp\/v2\/users\/1"}],"replies":[{"embeddable":true,"href":"https:\/\/duartellebeili.com\/en\/wp-json\/wp\/v2\/comments?post=20309"}],"version-history":[{"count":55,"href":"https:\/\/duartellebeili.com\/en\/wp-json\/wp\/v2\/pages\/20309\/revisions"}],"predecessor-version":[{"id":20466,"href":"https:\/\/duartellebeili.com\/en\/wp-json\/wp\/v2\/pages\/20309\/revisions\/20466"}],"wp:attachment":[{"href":"https:\/\/duartellebeili.com\/en\/wp-json\/wp\/v2\/media?parent=20309"}],"curies":[{"name":"wp","href":"https:\/\/api.w.org\/{rel}","templated":true}]}}