{"id":20373,"date":"2026-01-29T03:12:20","date_gmt":"2026-01-29T03:12:20","guid":{"rendered":"https:\/\/duartellebeili.com\/?page_id=20373"},"modified":"2026-01-29T03:40:21","modified_gmt":"2026-01-29T03:40:21","slug":"comercioexterior","status":"publish","type":"page","link":"https:\/\/duartellebeili.com\/en\/comercioexterior\/","title":{"rendered":"Comercio Exterior"},"content":{"rendered":"<div data-elementor-type=\"wp-page\" data-elementor-id=\"20373\" class=\"elementor elementor-20373\">\n\t\t\t\t<div class=\"elementor-element elementor-element-0723249 e-con-full e-flex e-con e-parent\" data-id=\"0723249\" data-element_type=\"container\" data-e-type=\"container\">\n\t\t<div class=\"elementor-element elementor-element-560d25a e-con-full e-flex e-con e-child\" data-id=\"560d25a\" data-element_type=\"container\" data-e-type=\"container\">\n\t\t\t\t<div class=\"elementor-element elementor-element-cdaccd7 elementor-widget elementor-widget-heading\" data-id=\"cdaccd7\" data-element_type=\"widget\" data-e-type=\"widget\" data-widget_type=\"heading.default\">\n\t\t\t\t\t<h1 class=\"elementor-heading-title elementor-size-default\">Anexo Ejecutivo \u2013 \u00c1rea de Comercio Exterior<\/h1>\t\t\t\t<\/div>\n\t\t\t\t<div class=\"elementor-element elementor-element-52d9f96 elementor-widget__width-initial elementor-widget-mobile__width-initial elementor-widget elementor-widget-text-editor\" data-id=\"52d9f96\" data-element_type=\"widget\" data-e-type=\"widget\" data-widget_type=\"text-editor.default\">\n\t\t\t\t\t\t\t\t\t<p>Nuestra consultora incorpora un \u00e1rea especializada en <strong>Comercio Exterior<\/strong>, dise\u00f1ada para facilitar y estructurar <strong>operaciones de importaci\u00f3n, exportaci\u00f3n y desarrollo de negocios internacionales<\/strong>, con un enfoque estrat\u00e9gico, seguro y rentable.<\/p><p>Este servicio tiene como finalidad <strong>conectar capital con oportunidades reales de inversi\u00f3n y expansi\u00f3n comercial<\/strong>, generando alianzas s\u00f3lidas entre empresas, productores, desarrolladores e inversores, tanto en Argentina como en mercados internacionales.<\/p><p>A trav\u00e9s de un <strong>modelo de gesti\u00f3n integral<\/strong>, acompa\u00f1amos cada proyecto desde su etapa inicial de an\u00e1lisis hasta su ejecuci\u00f3n operativa, asegurando eficiencia, cumplimiento normativo y optimizaci\u00f3n de resultados.<\/p><p><strong>Principales l\u00edneas de acci\u00f3n:<\/strong><\/p><ul><li>Identificaci\u00f3n y estructuraci\u00f3n de <strong>oportunidades comerciales internacionales<\/strong>.<\/li><li>Desarrollo y acompa\u00f1amiento de <strong>proyectos de importaci\u00f3n y exportaci\u00f3n<\/strong>.<\/li><li>Generaci\u00f3n de <strong>vinculaciones estrat\u00e9gicas<\/strong> entre inversores, empresas y mercados.<\/li><li>Coordinaci\u00f3n log\u00edstica, documental y regulatoria.<\/li><li>Asesoramiento integral en normativas, certificaciones y contratos internacionales.<\/li><\/ul><p><strong>Valor estrat\u00e9gico para el inversor<\/strong><\/p><p>Este servicio permite <strong>diversificar riesgos, ampliar horizontes de rentabilidad y acceder a mercados internacionales de alto potencial<\/strong>, dentro de un esquema profesional, transparente y estructurado.<\/p><p>Nuestro rol es actuar como <strong>facilitadores y socios estrat\u00e9gicos<\/strong>, aportando conocimiento t\u00e9cnico, visi\u00f3n de negocios y una red de contactos internacionales, que permiten transformar oportunidades en proyectos concretos y sostenibles.<\/p>\t\t\t\t\t\t\t\t<\/div>\n\t\t\t\t<\/div>\n\t\t<div class=\"elementor-element elementor-element-610d126 e-con-full e-flex e-con e-child\" data-id=\"610d126\" data-element_type=\"container\" data-e-type=\"container\">\n\t\t\t\t<div class=\"elementor-element elementor-element-1498854 elementor-widget elementor-widget-heading\" data-id=\"1498854\" data-element_type=\"widget\" data-e-type=\"widget\" data-widget_type=\"heading.default\">\n\t\t\t\t\t<h1 class=\"elementor-heading-title elementor-size-default\">Cont\u00e1ctanos<\/h1>\t\t\t\t<\/div>\n\t\t\t\t<div class=\"elementor-element elementor-element-25b1337 elementor-button-align-stretch elementor-widget elementor-widget-houzez_elementor_contact_form\" data-id=\"25b1337\" data-element_type=\"widget\" data-e-type=\"widget\" data-widget_type=\"houzez_elementor_contact_form.default\">\n\t\t\t\t<div class=\"elementor-widget-container\">\n\t\t\t\t\t\n        <script type=\"application\/javascript\">\n            jQuery(document).bind(\"ready\", function () {\n                houzezValidateElementor(\"#houzez-form-25b1337\" );\n            });\n        <\/script>\n\n        <form class=\"elementor-form houzez-ele-form-js\" id=\"houzez-form-25b1337\" method=\"post\" name=\"New Form\" action=\"https:\/\/duartellebeili.com\/wp-admin\/admin-ajax.php\">\n            <input type=\"hidden\" name=\"form_id\" value=\"25b1337\"\/>\n            <input type=\"hidden\" name=\"houzez_contact_form\" value=\"yes\"\/>\n            <input type=\"hidden\" name=\"action\" value=\"houzez_ele_contact_form\" \/>\n            <input type=\"hidden\" name=\"source_link\" value=\"https:\/\/duartellebeili.com\/en\/comercioexterior\/\" \/>\n            <input type=\"hidden\" name=\"lead_page_id\" value=\"20373\" \/>\n            <input type=\"hidden\" name=\"webhook\" value=\"false\" \/>\n            <input type=\"hidden\" name=\"webhook_url\" value=\"\" \/>\n            <input type=\"hidden\" name=\"redirect_to\" value=\"\" \/>\n            <input type=\"hidden\" name=\"google_recaptcha\" value=\"false\" \/>\n            \n\n            <div class=\"elementor-form-fields-wrapper elementor-labels-above\">\n\n                                    <div class=\"elementor-field-group elementor-column form-group elementor-field-group-name elementor-col-100\">\n                    <label for=\"form-field-name\" class=\"form-label elementor-field-label\">Nombre y Apellido<\/label><input type=\"text\" name=\"name\" id=\"form-field-name\" class=\"elementor-field form-control elementor-size-sm elementor-field-textual\" placeholder=\"Nombre\" title=\"* Nombre y Apellido\">                    <\/div>\n\n                                        <div class=\"elementor-field-group elementor-column form-group elementor-field-group-email elementor-col-100 elementor-field-required\">\n                    <label for=\"form-field-email\" class=\"form-label elementor-field-label\">Email<\/label><input type=\"email\" name=\"email\" id=\"form-field-email\" class=\"elementor-field form-control elementor-size-sm elementor-field-textual\" placeholder=\"Email\" title=\"* Email\" required=\"required\">                    <\/div>\n\n                                        <div class=\"elementor-field-group elementor-column form-group elementor-field-group-message elementor-col-100\">\n                    <label for=\"form-field-message\" class=\"form-label elementor-field-label\">Mensaje<\/label><textarea class=\"elementor-field-textual elementor-field elementor-size-sm\" name=\"message\" id=\"form-field-message\" rows=\"4\" placeholder=\"Ingrese su consulta\"><\/textarea>                    <\/div>\n\n                                        <div class=\"elementor-field-group elementor-column form-group elementor-field-group-434cf40 elementor-col-100\">\n                    <label for=\"form-field-434cf40\" class=\"form-label elementor-field-label\">Telefono<\/label><input type=\"text\" name=\"mobile\" id=\"form-field-434cf40\" class=\"elementor-field form-control elementor-size-sm elementor-field-textual\" placeholder=\"Ingrese su telefono\" title=\"* Telefono\">                    <\/div>\n\n                    \n                    \n                    \n                    \n                    <div class=\"elementor-field-group elementor-column elementor-field-type-submit elementor-col-100\">\n                    <button type=\"submit\" class=\"houzez-submit-button houzez-contact-form-js elementor-button elementor-size-sm\">\n                        <i class=\"houzez-loader-js houzez-hidden spinner-border spinner-border-sm\"><\/i>\n                                                    ENVIAR                                            <\/button>\n                <\/div>\n            <\/div><!-- End wrapper-->\n            <br\/>\n            <div class=\"ele-form-messages\"><\/div>\n            <div class=\"error-container\"><\/div>\n\n        <\/form>\n\n    \t\t\t\t<\/div>\n\t\t\t\t<\/div>\n\t\t\t\t<\/div>\n\t\t\t\t<\/div>\n\t\t\t\t<\/div>","protected":false},"excerpt":{"rendered":"<p>Anexo Ejecutivo \u2013 \u00c1rea de Comercio Exterior Nuestra consultora incorpora un \u00e1rea especializada en Comercio Exterior, dise\u00f1ada para facilitar y estructurar operaciones de importaci\u00f3n, exportaci\u00f3n y desarrollo de negocios internacionales, con un enfoque estrat\u00e9gico, seguro y rentable. Este servicio tiene como finalidad conectar capital con oportunidades reales de inversi\u00f3n y expansi\u00f3n comercial, generando alianzas s\u00f3lidas [&hellip;]<\/p>","protected":false},"author":1,"featured_media":0,"parent":0,"menu_order":0,"comment_status":"closed","ping_status":"closed","template":"elementor_header_footer","meta":{"_eb_attr":"","footnotes":""},"class_list":["post-20373","page","type-page","status-publish","hentry"],"_hostinger_reach_plugin_has_subscription_block":false,"_hostinger_reach_plugin_is_elementor":false,"_links":{"self":[{"href":"https:\/\/duartellebeili.com\/en\/wp-json\/wp\/v2\/pages\/20373","targetHints":{"allow":["GET"]}}],"collection":[{"href":"https:\/\/duartellebeili.com\/en\/wp-json\/wp\/v2\/pages"}],"about":[{"href":"https:\/\/duartellebeili.com\/en\/wp-json\/wp\/v2\/types\/page"}],"author":[{"embeddable":true,"href":"https:\/\/duartellebeili.com\/en\/wp-json\/wp\/v2\/users\/1"}],"replies":[{"embeddable":true,"href":"https:\/\/duartellebeili.com\/en\/wp-json\/wp\/v2\/comments?post=20373"}],"version-history":[{"count":14,"href":"https:\/\/duartellebeili.com\/en\/wp-json\/wp\/v2\/pages\/20373\/revisions"}],"predecessor-version":[{"id":20393,"href":"https:\/\/duartellebeili.com\/en\/wp-json\/wp\/v2\/pages\/20373\/revisions\/20393"}],"wp:attachment":[{"href":"https:\/\/duartellebeili.com\/en\/wp-json\/wp\/v2\/media?parent=20373"}],"curies":[{"name":"wp","href":"https:\/\/api.w.org\/{rel}","templated":true}]}}