{"id":20390,"date":"2026-01-29T03:25:41","date_gmt":"2026-01-29T03:25:41","guid":{"rendered":"https:\/\/duartellebeili.com\/?page_id=20390"},"modified":"2026-01-29T03:47:02","modified_gmt":"2026-01-29T03:47:02","slug":"consultoria","status":"publish","type":"page","link":"https:\/\/duartellebeili.com\/en\/consultoria\/","title":{"rendered":"Consultoria"},"content":{"rendered":"<div data-elementor-type=\"wp-page\" data-elementor-id=\"20390\" class=\"elementor elementor-20390\">\n\t\t\t\t<div class=\"elementor-element elementor-element-530d13b e-flex e-con-boxed e-con e-parent\" data-id=\"530d13b\" data-element_type=\"container\" data-e-type=\"container\">\n\t\t\t\t\t<div class=\"e-con-inner\">\n\t\t<div class=\"elementor-element elementor-element-dadff80 e-con-full e-flex e-con e-child\" data-id=\"dadff80\" data-element_type=\"container\" data-e-type=\"container\">\n\t\t\t\t<div class=\"elementor-element elementor-element-d1276d0 elementor-widget elementor-widget-heading\" data-id=\"d1276d0\" data-element_type=\"widget\" data-e-type=\"widget\" data-widget_type=\"heading.default\">\n\t\t\t\t\t<h2 class=\"elementor-heading-title elementor-size-default\">Consultor\u00eda Estrat\u00e9gica<\/h2>\t\t\t\t<\/div>\n\t\t\t\t<div class=\"elementor-element elementor-element-e332ce0 elementor-widget elementor-widget-text-editor\" data-id=\"e332ce0\" data-element_type=\"widget\" data-e-type=\"widget\" data-widget_type=\"text-editor.default\">\n\t\t\t\t\t\t\t\t\t<p data-path-to-node=\"4\">Bienvenido a nuestra unidad de consultor\u00eda integral, un espacio dise\u00f1ado para potenciar el crecimiento de su negocio a trav\u00e9s de la visi\u00f3n estrat\u00e9gica y la ejecuci\u00f3n operativa. Nuestro compromiso es actuar como su socio estrat\u00e9gico, creando <b data-path-to-node=\"4\" data-index-in-node=\"241\">puentes s\u00f3lidos entre el capital y las oportunidades reales.<\/b><\/p><p data-path-to-node=\"5\">Ya sea que busque expandir su red de inversores o proyectar su empresa hacia mercados globales, ofrecemos un enfoque profesional, seguro y transparente para maximizar su rentabilidad y minimizar riesgos.<\/p><p data-path-to-node=\"6\"><b data-path-to-node=\"6\" data-index-in-node=\"0\">Seleccione el \u00e1rea de su inter\u00e9s para conocer m\u00e1s:<\/b><\/p>\t\t\t\t\t\t\t\t<\/div>\n\t\t\t\t<\/div>\n\t\t<div class=\"elementor-element elementor-element-55a5e3b e-con-full e-flex e-con e-child\" data-id=\"55a5e3b\" data-element_type=\"container\" data-e-type=\"container\">\n\t\t\t\t<div class=\"elementor-element elementor-element-97f8703 elementor-widget elementor-widget-image\" data-id=\"97f8703\" data-element_type=\"widget\" data-e-type=\"widget\" data-widget_type=\"image.default\">\n\t\t\t\t\t\t\t\t\t\t\t\t\t\t\t<img fetchpriority=\"high\" decoding=\"async\" width=\"300\" height=\"168\" src=\"https:\/\/duartellebeili.com\/wp-content\/uploads\/2024\/09\/AdobeStock_904943778-scaled-1.jpg\" class=\"attachment-medium size-medium wp-image-18726\" alt=\"\" srcset=\"https:\/\/duartellebeili.com\/wp-content\/uploads\/2024\/09\/AdobeStock_904943778-scaled-1.jpg 2560w, https:\/\/duartellebeili.com\/wp-content\/uploads\/2024\/09\/AdobeStock_904943778-scaled-1-1536x860.jpg 1536w, https:\/\/duartellebeili.com\/wp-content\/uploads\/2024\/09\/AdobeStock_904943778-scaled-1-2048x1147.jpg 2048w\" sizes=\"(max-width: 300px) 100vw, 300px\" \/>\t\t\t\t\t\t\t\t\t\t\t\t\t\t\t<\/div>\n\t\t\t\t<\/div>\n\t\t\t\t\t<\/div>\n\t\t\t\t<\/div>\n\t\t<div class=\"elementor-element elementor-element-c58b5d2 e-flex e-con-boxed e-con e-parent\" data-id=\"c58b5d2\" data-element_type=\"container\" data-e-type=\"container\">\n\t\t\t\t\t<div class=\"e-con-inner\">\n\t\t<div class=\"elementor-element elementor-element-c590426 e-con-full e-flex e-con e-child\" data-id=\"c590426\" data-element_type=\"container\" data-e-type=\"container\">\n\t\t\t\t<div class=\"elementor-element elementor-element-16fcea3 elementor-align-center elementor-widget elementor-widget-button\" data-id=\"16fcea3\" data-element_type=\"widget\" data-e-type=\"widget\" data-widget_type=\"button.default\">\n\t\t\t\t\t\t\t\t\t\t<a class=\"elementor-button elementor-button-link elementor-size-sm\" href=\"https:\/\/duartellebeili.com\/en\/comercioexterior\/\">\n\t\t\t\t\t\t<span class=\"elementor-button-content-wrapper\">\n\t\t\t\t\t\t\t\t\t<span class=\"elementor-button-text\">Comercio Exterior<\/span>\n\t\t\t\t\t<\/span>\n\t\t\t\t\t<\/a>\n\t\t\t\t\t\t\t\t<\/div>\n\t\t\t\t<\/div>\n\t\t<div class=\"elementor-element elementor-element-cc357d9 e-con-full e-flex e-con e-child\" data-id=\"cc357d9\" data-element_type=\"container\" data-e-type=\"container\">\n\t\t\t\t<div class=\"elementor-element elementor-element-4f3562e elementor-align-center elementor-widget elementor-widget-button\" data-id=\"4f3562e\" data-element_type=\"widget\" data-e-type=\"widget\" data-widget_type=\"button.default\">\n\t\t\t\t\t\t\t\t\t\t<a class=\"elementor-button elementor-button-link elementor-size-sm\" href=\"https:\/\/duartellebeili.com\/en\/inquiry-form\/\">\n\t\t\t\t\t\t<span class=\"elementor-button-content-wrapper\">\n\t\t\t\t\t\t\t\t\t<span class=\"elementor-button-text\"> B\u00fasqueda y Generaci\u00f3n de Clientes<\/span>\n\t\t\t\t\t<\/span>\n\t\t\t\t\t<\/a>\n\t\t\t\t\t\t\t\t<\/div>\n\t\t\t\t<\/div>\n\t\t\t\t\t<\/div>\n\t\t\t\t<\/div>\n\t\t<div class=\"elementor-element elementor-element-1238fce e-flex e-con-boxed e-con e-parent\" data-id=\"1238fce\" data-element_type=\"container\" data-e-type=\"container\">\n\t\t\t\t\t<div class=\"e-con-inner\">\n\t\t\t\t<div class=\"elementor-element elementor-element-bb9d001 elementor-widget elementor-widget-houzez_elementor_space\" data-id=\"bb9d001\" data-element_type=\"widget\" data-e-type=\"widget\" data-widget_type=\"houzez_elementor_space.default\">\n\t\t\t\t<div class=\"elementor-widget-container\">\n\t\t\t\t\t        <div class=\"houzez-spacer\">\n            <div class=\"houzez-spacer-inner\"><\/div>\n        <\/div>\n        \t\t\t\t<\/div>\n\t\t\t\t<\/div>\n\t\t\t\t\t<\/div>\n\t\t\t\t<\/div>\n\t\t\t\t<\/div>","protected":false},"excerpt":{"rendered":"<p>Consultor\u00eda Estrat\u00e9gica Bienvenido a nuestra unidad de consultor\u00eda integral, un espacio dise\u00f1ado para potenciar el crecimiento de su negocio a trav\u00e9s de la visi\u00f3n estrat\u00e9gica y la ejecuci\u00f3n operativa. Nuestro compromiso es actuar como su socio estrat\u00e9gico, creando puentes s\u00f3lidos entre el capital y las oportunidades reales. Ya sea que busque expandir su red de [&hellip;]<\/p>","protected":false},"author":1,"featured_media":0,"parent":0,"menu_order":0,"comment_status":"closed","ping_status":"closed","template":"elementor_header_footer","meta":{"_eb_attr":"","footnotes":""},"class_list":["post-20390","page","type-page","status-publish","hentry"],"_hostinger_reach_plugin_has_subscription_block":false,"_hostinger_reach_plugin_is_elementor":false,"_links":{"self":[{"href":"https:\/\/duartellebeili.com\/en\/wp-json\/wp\/v2\/pages\/20390","targetHints":{"allow":["GET"]}}],"collection":[{"href":"https:\/\/duartellebeili.com\/en\/wp-json\/wp\/v2\/pages"}],"about":[{"href":"https:\/\/duartellebeili.com\/en\/wp-json\/wp\/v2\/types\/page"}],"author":[{"embeddable":true,"href":"https:\/\/duartellebeili.com\/en\/wp-json\/wp\/v2\/users\/1"}],"replies":[{"embeddable":true,"href":"https:\/\/duartellebeili.com\/en\/wp-json\/wp\/v2\/comments?post=20390"}],"version-history":[{"count":10,"href":"https:\/\/duartellebeili.com\/en\/wp-json\/wp\/v2\/pages\/20390\/revisions"}],"predecessor-version":[{"id":20405,"href":"https:\/\/duartellebeili.com\/en\/wp-json\/wp\/v2\/pages\/20390\/revisions\/20405"}],"wp:attachment":[{"href":"https:\/\/duartellebeili.com\/en\/wp-json\/wp\/v2\/media?parent=20390"}],"curies":[{"name":"wp","href":"https:\/\/api.w.org\/{rel}","templated":true}]}}